{"id":29812,"date":"2021-01-22T10:57:50","date_gmt":"2021-01-22T09:57:50","guid":{"rendered":"https:\/\/www.bedbugbuster.ch\/faq\/"},"modified":"2024-01-30T15:41:33","modified_gmt":"2024-01-30T14:41:33","slug":"faq","status":"publish","type":"page","link":"https:\/\/www.bedbugbuster.ch\/de\/faq\/","title":{"rendered":"FAQ"},"content":{"rendered":"<div class=\"fusion-fullwidth fullwidth-box fusion-builder-row-1 fusion-flex-container nonhundred-percent-fullwidth non-hundred-percent-height-scrolling fusion-animated\" style=\"--awb-border-radius-top-left:0px;--awb-border-radius-top-right:0px;--awb-border-radius-bottom-right:0px;--awb-border-radius-bottom-left:0px;--awb-padding-top:30px;--awb-padding-bottom:0px;--awb-padding-top-small:0px;--awb-flex-wrap:wrap;\" data-animationType=\"fadeInUp\" data-animationDuration=\"1.3\" data-animationOffset=\"top-into-view\" ><div class=\"fusion-builder-row fusion-row fusion-flex-align-items-flex-start fusion-flex-justify-content-center fusion-flex-content-wrap\" style=\"max-width:calc( 1200px + 80px );margin-left: calc(-80px \/ 2 );margin-right: calc(-80px \/ 2 );\"><div class=\"fusion-layout-column fusion_builder_column fusion-builder-column-0 fusion_builder_column_4_5 4_5 fusion-flex-column\" style=\"--awb-bg-size:cover;--awb-width-large:80%;--awb-margin-top-large:0px;--awb-spacing-right-large:40px;--awb-margin-bottom-large:80px;--awb-spacing-left-large:40px;--awb-width-medium:80%;--awb-order-medium:0;--awb-spacing-right-medium:40px;--awb-margin-bottom-medium:70px;--awb-spacing-left-medium:40px;--awb-width-small:100%;--awb-order-small:0;--awb-spacing-right-small:40px;--awb-margin-bottom-small:40px;--awb-spacing-left-small:40px;\"><div class=\"fusion-column-wrapper fusion-column-has-shadow fusion-flex-justify-content-flex-start fusion-content-layout-column\"><div class=\"fusion-text fusion-text-1 fusion-text-no-margin\" style=\"--awb-content-alignment:center;--awb-font-size:var(--awb-typography2-font-size);--awb-line-height:var(--awb-typography2-line-height);--awb-letter-spacing:var(--awb-typography2-letter-spacing);--awb-text-transform:var(--awb-typography2-text-transform);--awb-margin-bottom:10px;--awb-text-font-family:var(--awb-typography2-font-family);--awb-text-font-weight:var(--awb-typography2-font-weight);--awb-text-font-style:var(--awb-typography2-font-style);\"><p>M\u00d6CHTEN SIE MHER ERFAHREN?<\/p>\n<\/div><div class=\"fusion-title title fusion-title-1 fusion-sep-none fusion-title-center fusion-title-text fusion-title-size-two\" style=\"--awb-margin-bottom:30px;--awb-margin-bottom-small:30px;\"><h2 class=\"fusion-title-heading title-heading-center\" style=\"margin:0;letter-spacing:-1px;text-transform:capitalize;\">Lesen Sie die h\u00e4ufig gestellten Fragen<\/h2><\/div><\/div><\/div><div class=\"fusion-layout-column fusion_builder_column fusion-builder-column-1 fusion_builder_column_1_2 1_2 fusion-flex-column\" style=\"--awb-bg-size:cover;--awb-width-large:50%;--awb-margin-top-large:0px;--awb-spacing-right-large:40px;--awb-margin-bottom-large:70px;--awb-spacing-left-large:40px;--awb-width-medium:50%;--awb-order-medium:0;--awb-spacing-right-medium:40px;--awb-spacing-left-medium:40px;--awb-width-small:100%;--awb-order-small:1;--awb-spacing-right-small:40px;--awb-margin-bottom-small:0px;--awb-spacing-left-small:40px;\"><div class=\"fusion-column-wrapper fusion-column-has-shadow fusion-flex-justify-content-flex-start fusion-content-layout-column\"><div class=\"accordian fusion-accordian\" style=\"--awb-border-size:2px;--awb-icon-size:16px;--awb-content-font-size:var(--awb-typography4-font-size);--awb-icon-alignment:left;--awb-hover-color:var(--awb-color1);--awb-border-color:var(--awb-color5);--awb-background-color:var(--awb-color1);--awb-divider-color:var(--awb-color3);--awb-divider-hover-color:var(--awb-color3);--awb-icon-color:var(--awb-color5);--awb-title-color:var(--awb-color8);--awb-content-color:var(--awb-color8);--awb-icon-box-color:var(--awb-color7);--awb-toggle-hover-accent-color:var(--awb-color5);--awb-title-font-family:var(--awb-typography1-font-family);--awb-title-font-weight:var(--awb-typography1-font-weight);--awb-title-font-style:var(--awb-typography1-font-style);--awb-title-font-size:20px;--awb-content-font-family:var(--awb-typography4-font-family);--awb-content-font-weight:var(--awb-typography4-font-weight);--awb-content-font-style:var(--awb-typography4-font-style);\"><div class=\"panel-group fusion-toggle-icon-unboxed\" id=\"accordion-29812-1\"><div class=\"fusion-panel panel-default panel-f91c5bddbc6382dc3 fusion-toggle-no-divider fusion-toggle-boxed-mode\" style=\"--awb-title-color:var(--awb-color8);--awb-content-color:var(--awb-color8);\"><div class=\"panel-heading\"><h4 class=\"panel-title toggle\" id=\"toggle_f91c5bddbc6382dc3\"><a aria-expanded=\"false\" aria-controls=\"f91c5bddbc6382dc3\" role=\"button\" data-toggle=\"collapse\" data-parent=\"#accordion-29812-1\" data-target=\"#f91c5bddbc6382dc3\" href=\"#f91c5bddbc6382dc3\"><span class=\"fusion-toggle-icon-wrapper\" aria-hidden=\"true\"><i class=\"fa-fusion-box active-icon awb-icon-minus\" aria-hidden=\"true\"><\/i><i class=\"fa-fusion-box inactive-icon awb-icon-plus\" aria-hidden=\"true\"><\/i><\/span><span class=\"fusion-toggle-heading\">Sind Wespen als Parasiten zu betrachten?<\/span><\/a><\/h4><\/div><div id=\"f91c5bddbc6382dc3\" class=\"panel-collapse collapse \" aria-labelledby=\"toggle_f91c5bddbc6382dc3\"><div class=\"panel-body toggle-content fusion-clearfix\">\n<p>Wenn sich Wespennester, Hornissennester oder Hornissen in dem versicherten Bereich befinden, organisiert der Assistance-Dienst (rund um die Uhr, 365 Tage im Jahr erreichbar) die Entfernung oder Versetzung durch einen Techniker. Die Kosten f\u00fcr den Eingriff des Technikers sind bis zu maximal CHF 1.000 pro Ereignis versichert.<\/p>\n<\/div><\/div><\/div><div class=\"fusion-panel panel-default panel-0049b82d66de90ef0 fusion-toggle-no-divider fusion-toggle-boxed-mode\" style=\"--awb-title-color:var(--awb-color8);--awb-content-color:var(--awb-color8);\"><div class=\"panel-heading\"><h4 class=\"panel-title toggle\" id=\"toggle_0049b82d66de90ef0\"><a aria-expanded=\"false\" aria-controls=\"0049b82d66de90ef0\" role=\"button\" data-toggle=\"collapse\" data-parent=\"#accordion-29812-1\" data-target=\"#0049b82d66de90ef0\" href=\"#0049b82d66de90ef0\"><span class=\"fusion-toggle-icon-wrapper\" aria-hidden=\"true\"><i class=\"fa-fusion-box active-icon awb-icon-minus\" aria-hidden=\"true\"><\/i><i class=\"fa-fusion-box inactive-icon awb-icon-plus\" aria-hidden=\"true\"><\/i><\/span><span class=\"fusion-toggle-heading\">Wenn mein Vorratsschrank von kleinen schwarzen Insekten \u00fcberf\u00fcllt wird, ist das ein Fall f\u00fcr den Sch\u00e4dlingsbek\u00e4mpfungsdienst?<\/span><\/a><\/h4><\/div><div id=\"0049b82d66de90ef0\" class=\"panel-collapse collapse \" aria-labelledby=\"toggle_0049b82d66de90ef0\"><div class=\"panel-body toggle-content fusion-clearfix\">\n<p>Wir \u00fcbernehmen die Kosten bis zu CHF 500 f\u00fcr die Identifizierung des Insekts (die Identifikation des Sch\u00e4dlings oder Parasiten erfolgt durch telefonische Kl\u00e4rung im Voraus, fotografische Analyse oder Vor-Ort-Besuch). Falls es sich um eine Art handelt, die gesundheitliche Risiken birgt, \u00fcbernimmt die Versicherung die Kosten f\u00fcr die Sch\u00e4dlingsbek\u00e4mpfung, bis zu einem H\u00f6chstbetrag von CHF 5.000<\/p>\n<\/div><\/div><\/div><div class=\"fusion-panel panel-default panel-6ea058ee2738dfa9b fusion-toggle-no-divider fusion-toggle-boxed-mode\" style=\"--awb-title-color:var(--awb-color8);--awb-content-color:var(--awb-color8);\"><div class=\"panel-heading\"><h4 class=\"panel-title toggle\" id=\"toggle_6ea058ee2738dfa9b\"><a aria-expanded=\"false\" aria-controls=\"6ea058ee2738dfa9b\" role=\"button\" data-toggle=\"collapse\" data-parent=\"#accordion-29812-1\" data-target=\"#6ea058ee2738dfa9b\" href=\"#6ea058ee2738dfa9b\"><span class=\"fusion-toggle-icon-wrapper\" aria-hidden=\"true\"><i class=\"fa-fusion-box active-icon awb-icon-minus\" aria-hidden=\"true\"><\/i><i class=\"fa-fusion-box inactive-icon awb-icon-plus\" aria-hidden=\"true\"><\/i><\/span><span class=\"fusion-toggle-heading\">Mein Keller ist nun von Ratten befallen, die ich mit Heimwerkermethoden nicht mehr beseitigen kann. Ist dies ein Fall, in dem die Versicherung intervenieren kann?<\/span><\/a><\/h4><\/div><div id=\"6ea058ee2738dfa9b\" class=\"panel-collapse collapse \" aria-labelledby=\"toggle_6ea058ee2738dfa9b\"><div class=\"panel-body toggle-content fusion-clearfix\">\n<p>Ja, bei der Sch\u00e4dlingsbek\u00e4mpfung von M\u00e4usen (musculus musculus), Nacktschnecken (rattus norvegicus), schwarzen Ratten (rattus rattus) zieht die Versicherung zuerst den Spezialisten f\u00fcr die Identifizierung des Sch\u00e4dlings hinzu und \u00fcbernimmt die Kosten bis zu 500 CHF und danach die Kosten f\u00fcr die Sch\u00e4dlingsbek\u00e4mpfung bis zu einem H\u00f6chstbetrag von 5&#8217;000 CHF.<\/p>\n<\/div><\/div><\/div><div class=\"fusion-panel panel-default panel-2053665167686a797 fusion-toggle-no-divider fusion-toggle-boxed-mode\" style=\"--awb-title-color:var(--awb-color8);--awb-content-color:var(--awb-color8);\"><div class=\"panel-heading\"><h4 class=\"panel-title toggle\" id=\"toggle_2053665167686a797\"><a aria-expanded=\"false\" aria-controls=\"2053665167686a797\" role=\"button\" data-toggle=\"collapse\" data-parent=\"#accordion-29812-1\" data-target=\"#2053665167686a797\" href=\"#2053665167686a797\"><span class=\"fusion-toggle-icon-wrapper\" aria-hidden=\"true\"><i class=\"fa-fusion-box active-icon awb-icon-minus\" aria-hidden=\"true\"><\/i><i class=\"fa-fusion-box inactive-icon awb-icon-plus\" aria-hidden=\"true\"><\/i><\/span><span class=\"fusion-toggle-heading\">Um zu verhindern, dass sich die R\u00e4ume im ersten Stock mit Ratten aus der benachbarten Ruine f\u00fcllen, m\u00fcssen wir Risse in den W\u00e4nden mit Mauerwerk abdecken. Ist dies von der Versicherung gedeckt?<\/span><\/a><\/h4><\/div><div id=\"2053665167686a797\" class=\"panel-collapse collapse \" aria-labelledby=\"toggle_2053665167686a797\"><div class=\"panel-body toggle-content fusion-clearfix\">\n<p>Nicht versichert sind Kosten f\u00fcr bauliche Ma\u00dfnahmen zur Verhinderung eines k\u00fcnftigen Sch\u00e4dlings- und Ungezieferbefalls (z.B. Einbau von Gittern).<\/p>\n<\/div><\/div><\/div><\/div><\/div><\/div><\/div><div class=\"fusion-layout-column fusion_builder_column fusion-builder-column-2 fusion_builder_column_1_2 1_2 fusion-flex-column\" style=\"--awb-padding-top-small:0px;--awb-bg-size:cover;--awb-width-large:50%;--awb-margin-top-large:0px;--awb-spacing-right-large:40px;--awb-margin-bottom-large:70px;--awb-spacing-left-large:40px;--awb-width-medium:50%;--awb-order-medium:0;--awb-spacing-right-medium:40px;--awb-spacing-left-medium:40px;--awb-width-small:100%;--awb-order-small:3;--awb-spacing-right-small:40px;--awb-spacing-left-small:40px;\"><div class=\"fusion-column-wrapper fusion-column-has-shadow fusion-flex-justify-content-flex-start fusion-content-layout-column\"><div class=\"accordian fusion-accordian\" style=\"--awb-border-size:2px;--awb-icon-size:16px;--awb-content-font-size:var(--awb-typography4-font-size);--awb-icon-alignment:left;--awb-hover-color:var(--awb-color1);--awb-border-color:var(--awb-color5);--awb-background-color:var(--awb-color1);--awb-divider-color:var(--awb-color3);--awb-divider-hover-color:var(--awb-color3);--awb-icon-color:var(--awb-color5);--awb-title-color:var(--awb-color8);--awb-content-color:var(--awb-color8);--awb-icon-box-color:var(--awb-color7);--awb-toggle-hover-accent-color:var(--awb-color5);--awb-title-font-family:var(--awb-typography1-font-family);--awb-title-font-weight:var(--awb-typography1-font-weight);--awb-title-font-style:var(--awb-typography1-font-style);--awb-title-font-size:20px;--awb-content-font-family:var(--awb-typography4-font-family);--awb-content-font-weight:var(--awb-typography4-font-weight);--awb-content-font-style:var(--awb-typography4-font-style);\"><div class=\"panel-group fusion-toggle-icon-unboxed\" id=\"accordion-29812-2\"><div class=\"fusion-panel panel-default panel-f4a3d01a785c1047d fusion-toggle-no-divider fusion-toggle-boxed-mode\" style=\"--awb-title-color:var(--awb-color8);--awb-content-color:var(--awb-color8);\"><div class=\"panel-heading\"><h4 class=\"panel-title toggle\" id=\"toggle_f4a3d01a785c1047d\"><a aria-expanded=\"false\" aria-controls=\"f4a3d01a785c1047d\" role=\"button\" data-toggle=\"collapse\" data-parent=\"#accordion-29812-2\" data-target=\"#f4a3d01a785c1047d\" href=\"#f4a3d01a785c1047d\"><span class=\"fusion-toggle-icon-wrapper\" aria-hidden=\"true\"><i class=\"fa-fusion-box active-icon awb-icon-minus\" aria-hidden=\"true\"><\/i><i class=\"fa-fusion-box inactive-icon awb-icon-plus\" aria-hidden=\"true\"><\/i><\/span><span class=\"fusion-toggle-heading\">Kann ich eine Versicherung abschlie\u00dfen und einen Sch\u00e4dlingsbek\u00e4mpfungsdienst beauftragen, sofort einzugreifen?<\/span><\/a><\/h4><\/div><div id=\"f4a3d01a785c1047d\" class=\"panel-collapse collapse \" aria-labelledby=\"toggle_f4a3d01a785c1047d\"><div class=\"panel-body toggle-content fusion-clearfix\">\n<p>Leider nicht. Die Versicherung greift nicht bei bekannten oder bestehenden F\u00e4llen ein. Der Versicherungsschutz wird erst nach Ablauf einer 60-t\u00e4gigen Wartezeit aktiv, gerechnet ab dem Datum des Versicherungsbeginns.<\/p>\n<\/div><\/div><\/div><div class=\"fusion-panel panel-default panel-f7e087776050928f3 fusion-toggle-no-divider fusion-toggle-boxed-mode\" style=\"--awb-title-color:var(--awb-color8);--awb-content-color:var(--awb-color8);\"><div class=\"panel-heading\"><h4 class=\"panel-title toggle\" id=\"toggle_f7e087776050928f3\"><a aria-expanded=\"false\" aria-controls=\"f7e087776050928f3\" role=\"button\" data-toggle=\"collapse\" data-parent=\"#accordion-29812-2\" data-target=\"#f7e087776050928f3\" href=\"#f7e087776050928f3\"><span class=\"fusion-toggle-icon-wrapper\" aria-hidden=\"true\"><i class=\"fa-fusion-box active-icon awb-icon-minus\" aria-hidden=\"true\"><\/i><i class=\"fa-fusion-box inactive-icon awb-icon-plus\" aria-hidden=\"true\"><\/i><\/span><span class=\"fusion-toggle-heading\">Gilt mein Versicherungsschutz zu Hause auch f\u00fcr die Sch\u00e4dlingsbek\u00e4mpfung in meinem Ferienhaus in den Bergen?<\/span><\/a><\/h4><\/div><div id=\"f7e087776050928f3\" class=\"panel-collapse collapse \" aria-labelledby=\"toggle_f7e087776050928f3\"><div class=\"panel-body toggle-content fusion-clearfix\">\n<p>Der Versicherungsschutz gilt f\u00fcr alle R\u00e4umlichkeiten und Geb\u00e4udeeinrichtungen, die sich in den versicherten R\u00e4umlichkeiten befinden. Das Ferienhaus in den Bergen muss daher separat versichert werden.<\/p>\n<\/div><\/div><\/div><div class=\"fusion-panel panel-default panel-6641f6a5573ab27c3 fusion-toggle-no-divider fusion-toggle-boxed-mode\" style=\"--awb-title-color:var(--awb-color8);--awb-content-color:var(--awb-color8);\"><div class=\"panel-heading\"><h4 class=\"panel-title toggle\" id=\"toggle_6641f6a5573ab27c3\"><a aria-expanded=\"false\" aria-controls=\"6641f6a5573ab27c3\" role=\"button\" data-toggle=\"collapse\" data-parent=\"#accordion-29812-2\" data-target=\"#6641f6a5573ab27c3\" href=\"#6641f6a5573ab27c3\"><span class=\"fusion-toggle-icon-wrapper\" aria-hidden=\"true\"><i class=\"fa-fusion-box active-icon awb-icon-minus\" aria-hidden=\"true\"><\/i><i class=\"fa-fusion-box inactive-icon awb-icon-plus\" aria-hidden=\"true\"><\/i><\/span><span class=\"fusion-toggle-heading\">Ist meine Tochter, die in einer anderen Stadt studiert und mit 2 Kommilitonen in einer Wohnung lebt, durch meine Versicherung gedeckt?<\/span><\/a><\/h4><\/div><div id=\"6641f6a5573ab27c3\" class=\"panel-collapse collapse \" aria-labelledby=\"toggle_6641f6a5573ab27c3\"><div class=\"panel-body toggle-content fusion-clearfix\">\n<p>Als versicherte Personen gelten der Versicherungsnehmer und alle Personen, die mit ihm in h\u00e4uslicher Gemeinschaft leben oder sich regelm\u00e4\u00dfig unter der Woche oder an Wochenenden in seiner Wohnung aufhalten. Die Studentin und ihre Mitbewohner ben\u00f6tigen daher auch Versicherungsschutz an dem versicherten Ort, an dem sie sich w\u00e4hrend ihres Studiums aufhalten, um dort eintretende Ereignisse zu versichern.<\/p>\n<\/div><\/div><\/div><\/div><\/div><\/div><\/div><\/div><\/div>\n","protected":false},"excerpt":{"rendered":"","protected":false},"author":1,"featured_media":0,"parent":0,"menu_order":0,"comment_status":"closed","ping_status":"closed","template":"100-width.php","meta":{"footnotes":""},"class_list":["post-29812","page","type-page","status-publish","hentry"],"yoast_head":"<!-- This site is optimized with the Yoast SEO plugin v27.3 - https:\/\/yoast.com\/product\/yoast-seo-wordpress\/ -->\n<title>FAQ - H\u00e4ufig gestellte Fragen \u00fcber Bettwanzen - Bed Bug Buster<\/title>\n<meta name=\"description\" content=\"In den h\u00e4ufig gestellten Fragen (FAQ) finden Sie Antworten auf h\u00e4ufig gestellte Fragen zur Vorbeugung von Bettwanzen, einschlie\u00dflich praktischer Tipps und Versicherungsdetails.\" \/>\n<meta name=\"robots\" content=\"index, follow, max-snippet:-1, max-image-preview:large, max-video-preview:-1\" \/>\n<link rel=\"canonical\" href=\"https:\/\/www.bedbugbuster.ch\/de\/faq\/\" \/>\n<meta property=\"og:locale\" content=\"de_DE\" \/>\n<meta property=\"og:type\" content=\"article\" \/>\n<meta property=\"og:title\" content=\"FAQ - H\u00e4ufig gestellte Fragen \u00fcber Bettwanzen - Bed Bug Buster\" \/>\n<meta property=\"og:description\" content=\"In den h\u00e4ufig gestellten Fragen (FAQ) finden Sie Antworten auf h\u00e4ufig gestellte Fragen zur Vorbeugung von Bettwanzen, einschlie\u00dflich praktischer Tipps und Versicherungsdetails.\" \/>\n<meta property=\"og:url\" content=\"https:\/\/www.bedbugbuster.ch\/de\/faq\/\" \/>\n<meta property=\"og:site_name\" content=\"Bed Bug Buster\" \/>\n<meta property=\"article:modified_time\" content=\"2024-01-30T14:41:33+00:00\" \/>\n<meta name=\"twitter:card\" content=\"summary_large_image\" \/>\n<meta name=\"twitter:label1\" content=\"Gesch\u00e4tzte Lesezeit\" \/>\n\t<meta name=\"twitter:data1\" content=\"3\u00a0Minuten\" \/>\n<script type=\"application\/ld+json\" class=\"yoast-schema-graph\">{\"@context\":\"https:\\\/\\\/schema.org\",\"@graph\":[{\"@type\":\"WebPage\",\"@id\":\"https:\\\/\\\/www.bedbugbuster.ch\\\/de\\\/faq\\\/\",\"url\":\"https:\\\/\\\/www.bedbugbuster.ch\\\/de\\\/faq\\\/\",\"name\":\"FAQ - H\u00e4ufig gestellte Fragen \u00fcber Bettwanzen - Bed Bug Buster\",\"isPartOf\":{\"@id\":\"https:\\\/\\\/www.bedbugbuster.ch\\\/de\\\/#website\"},\"datePublished\":\"2021-01-22T09:57:50+00:00\",\"dateModified\":\"2024-01-30T14:41:33+00:00\",\"description\":\"In den h\u00e4ufig gestellten Fragen (FAQ) finden Sie Antworten auf h\u00e4ufig gestellte Fragen zur Vorbeugung von Bettwanzen, einschlie\u00dflich praktischer Tipps und Versicherungsdetails.\",\"breadcrumb\":{\"@id\":\"https:\\\/\\\/www.bedbugbuster.ch\\\/de\\\/faq\\\/#breadcrumb\"},\"inLanguage\":\"de\",\"potentialAction\":[{\"@type\":\"ReadAction\",\"target\":[\"https:\\\/\\\/www.bedbugbuster.ch\\\/de\\\/faq\\\/\"]}]},{\"@type\":\"BreadcrumbList\",\"@id\":\"https:\\\/\\\/www.bedbugbuster.ch\\\/de\\\/faq\\\/#breadcrumb\",\"itemListElement\":[{\"@type\":\"ListItem\",\"position\":1,\"name\":\"Home\",\"item\":\"https:\\\/\\\/www.bedbugbuster.ch\\\/de\\\/\"},{\"@type\":\"ListItem\",\"position\":2,\"name\":\"FAQ\"}]},{\"@type\":\"WebSite\",\"@id\":\"https:\\\/\\\/www.bedbugbuster.ch\\\/de\\\/#website\",\"url\":\"https:\\\/\\\/www.bedbugbuster.ch\\\/de\\\/\",\"name\":\"Bed Bug Buster\",\"description\":\"Copertura assicurativa contro le cimici del letto\",\"alternateName\":\"Polizza Zurich Home Assistance per le cimici del letto\",\"potentialAction\":[{\"@type\":\"SearchAction\",\"target\":{\"@type\":\"EntryPoint\",\"urlTemplate\":\"https:\\\/\\\/www.bedbugbuster.ch\\\/de\\\/?s={search_term_string}\"},\"query-input\":{\"@type\":\"PropertyValueSpecification\",\"valueRequired\":true,\"valueName\":\"search_term_string\"}}],\"inLanguage\":\"de\"}]}<\/script>\n<!-- \/ Yoast SEO plugin. -->","yoast_head_json":{"title":"FAQ - H\u00e4ufig gestellte Fragen \u00fcber Bettwanzen - Bed Bug Buster","description":"In den h\u00e4ufig gestellten Fragen (FAQ) finden Sie Antworten auf h\u00e4ufig gestellte Fragen zur Vorbeugung von Bettwanzen, einschlie\u00dflich praktischer Tipps und Versicherungsdetails.","robots":{"index":"index","follow":"follow","max-snippet":"max-snippet:-1","max-image-preview":"max-image-preview:large","max-video-preview":"max-video-preview:-1"},"canonical":"https:\/\/www.bedbugbuster.ch\/de\/faq\/","og_locale":"de_DE","og_type":"article","og_title":"FAQ - H\u00e4ufig gestellte Fragen \u00fcber Bettwanzen - Bed Bug Buster","og_description":"In den h\u00e4ufig gestellten Fragen (FAQ) finden Sie Antworten auf h\u00e4ufig gestellte Fragen zur Vorbeugung von Bettwanzen, einschlie\u00dflich praktischer Tipps und Versicherungsdetails.","og_url":"https:\/\/www.bedbugbuster.ch\/de\/faq\/","og_site_name":"Bed Bug Buster","article_modified_time":"2024-01-30T14:41:33+00:00","twitter_card":"summary_large_image","twitter_misc":{"Gesch\u00e4tzte Lesezeit":"3\u00a0Minuten"},"schema":{"@context":"https:\/\/schema.org","@graph":[{"@type":"WebPage","@id":"https:\/\/www.bedbugbuster.ch\/de\/faq\/","url":"https:\/\/www.bedbugbuster.ch\/de\/faq\/","name":"FAQ - H\u00e4ufig gestellte Fragen \u00fcber Bettwanzen - Bed Bug Buster","isPartOf":{"@id":"https:\/\/www.bedbugbuster.ch\/de\/#website"},"datePublished":"2021-01-22T09:57:50+00:00","dateModified":"2024-01-30T14:41:33+00:00","description":"In den h\u00e4ufig gestellten Fragen (FAQ) finden Sie Antworten auf h\u00e4ufig gestellte Fragen zur Vorbeugung von Bettwanzen, einschlie\u00dflich praktischer Tipps und Versicherungsdetails.","breadcrumb":{"@id":"https:\/\/www.bedbugbuster.ch\/de\/faq\/#breadcrumb"},"inLanguage":"de","potentialAction":[{"@type":"ReadAction","target":["https:\/\/www.bedbugbuster.ch\/de\/faq\/"]}]},{"@type":"BreadcrumbList","@id":"https:\/\/www.bedbugbuster.ch\/de\/faq\/#breadcrumb","itemListElement":[{"@type":"ListItem","position":1,"name":"Home","item":"https:\/\/www.bedbugbuster.ch\/de\/"},{"@type":"ListItem","position":2,"name":"FAQ"}]},{"@type":"WebSite","@id":"https:\/\/www.bedbugbuster.ch\/de\/#website","url":"https:\/\/www.bedbugbuster.ch\/de\/","name":"Bed Bug Buster","description":"Copertura assicurativa contro le cimici del letto","alternateName":"Polizza Zurich Home Assistance per le cimici del letto","potentialAction":[{"@type":"SearchAction","target":{"@type":"EntryPoint","urlTemplate":"https:\/\/www.bedbugbuster.ch\/de\/?s={search_term_string}"},"query-input":{"@type":"PropertyValueSpecification","valueRequired":true,"valueName":"search_term_string"}}],"inLanguage":"de"}]}},"_links":{"self":[{"href":"https:\/\/www.bedbugbuster.ch\/de\/wp-json\/wp\/v2\/pages\/29812","targetHints":{"allow":["GET"]}}],"collection":[{"href":"https:\/\/www.bedbugbuster.ch\/de\/wp-json\/wp\/v2\/pages"}],"about":[{"href":"https:\/\/www.bedbugbuster.ch\/de\/wp-json\/wp\/v2\/types\/page"}],"author":[{"embeddable":true,"href":"https:\/\/www.bedbugbuster.ch\/de\/wp-json\/wp\/v2\/users\/1"}],"replies":[{"embeddable":true,"href":"https:\/\/www.bedbugbuster.ch\/de\/wp-json\/wp\/v2\/comments?post=29812"}],"version-history":[{"count":2,"href":"https:\/\/www.bedbugbuster.ch\/de\/wp-json\/wp\/v2\/pages\/29812\/revisions"}],"predecessor-version":[{"id":30105,"href":"https:\/\/www.bedbugbuster.ch\/de\/wp-json\/wp\/v2\/pages\/29812\/revisions\/30105"}],"wp:attachment":[{"href":"https:\/\/www.bedbugbuster.ch\/de\/wp-json\/wp\/v2\/media?parent=29812"}],"curies":[{"name":"wp","href":"https:\/\/api.w.org\/{rel}","templated":true}]}}