{"id":29818,"date":"2021-01-22T10:57:02","date_gmt":"2021-01-22T09:57:02","guid":{"rendered":"https:\/\/www.bedbugbuster.ch\/polizza-cimici-dei-letti\/"},"modified":"2024-02-13T17:55:26","modified_gmt":"2024-02-13T16:55:26","slug":"police","status":"publish","type":"page","link":"https:\/\/www.bedbugbuster.ch\/de\/police\/","title":{"rendered":"Police"},"content":{"rendered":"<div class=\"fusion-fullwidth fullwidth-box fusion-builder-row-1 fusion-flex-container has-pattern-background has-mask-background nonhundred-percent-fullwidth non-hundred-percent-height-scrolling\" style=\"--awb-border-radius-top-left:0px;--awb-border-radius-top-right:0px;--awb-border-radius-bottom-right:0px;--awb-border-radius-bottom-left:0px;--awb-padding-top:30px;--awb-padding-bottom:0px;--awb-padding-top-small:0px;--awb-flex-wrap:wrap;\" ><div class=\"fusion-builder-row fusion-row fusion-flex-align-items-flex-start fusion-flex-justify-content-center fusion-flex-content-wrap\" style=\"max-width:calc( 1200px + 80px );margin-left: calc(-80px \/ 2 );margin-right: calc(-80px \/ 2 );\"><div class=\"fusion-layout-column fusion_builder_column fusion-builder-column-0 fusion_builder_column_4_5 4_5 fusion-flex-column fusion-animated\" style=\"--awb-bg-size:cover;--awb-width-large:80%;--awb-margin-top-large:0px;--awb-spacing-right-large:40px;--awb-margin-bottom-large:80px;--awb-spacing-left-large:40px;--awb-width-medium:80%;--awb-order-medium:0;--awb-spacing-right-medium:40px;--awb-margin-bottom-medium:70px;--awb-spacing-left-medium:40px;--awb-width-small:100%;--awb-order-small:0;--awb-spacing-right-small:40px;--awb-margin-bottom-small:50px;--awb-spacing-left-small:40px;\" data-animationType=\"fadeIn\" data-animationDuration=\"1.0\" data-animationOffset=\"top-into-view\"><div class=\"fusion-column-wrapper fusion-column-has-shadow fusion-flex-justify-content-flex-start fusion-content-layout-column\"><div class=\"fusion-text fusion-text-1 fusion-text-no-margin\" style=\"--awb-content-alignment:center;--awb-font-size:18px;--awb-line-height:var(--awb-typography2-line-height);--awb-letter-spacing:var(--awb-typography2-letter-spacing);--awb-text-transform:var(--awb-typography2-text-transform);--awb-margin-bottom:10px;--awb-text-font-family:var(--awb-typography2-font-family);--awb-text-font-weight:var(--awb-typography2-font-weight);--awb-text-font-style:var(--awb-typography2-font-style);\"><p>HAUSNOTDIENST<\/p>\n<\/div><div class=\"fusion-title title fusion-title-1 fusion-sep-none fusion-title-center fusion-title-text fusion-title-size-two\" style=\"--awb-margin-bottom:30px;--awb-margin-bottom-small:30px;\"><h2 class=\"fusion-title-heading title-heading-center\" style=\"margin:0;letter-spacing:-1px;text-transform:none;\"><p class=\"p1\">Home Assistance<\/p><\/h2><\/div><div class=\"fusion-text fusion-text-2 fusion-text-no-margin\" style=\"--awb-content-alignment:center;--awb-font-size:20px;--awb-margin-right:10%;--awb-margin-left:10%;\"><p><em>Einige Situationen erfordern schnelle Ma\u00dfnahmen: wenn man sich versehentlich morgens aus dem Haus aussperrt, wenn die Toilette verstopft ist oder eine Wespenkolonie die Terrasse \u00fcbernimmt.<em><br \/>\n<em>Mit Home Assistance erhalten Sie Hilfe mit nur einem Anruf.<em><\/p>\n<\/div><\/div><\/div><div class=\"fusion-layout-column fusion_builder_column fusion-builder-column-1 fusion_builder_column_1_1 1_1 fusion-flex-column fusion-animated\" style=\"--awb-padding-top:45px;--awb-padding-right:45px;--awb-padding-bottom:45px;--awb-padding-left:45px;--awb-overflow:hidden;--awb-bg-color:var(--awb-color8);--awb-bg-color-hover:var(--awb-color8);--awb-bg-size:cover;--awb-box-shadow:2px 2px 28px -16px var(--awb-color6);;--awb-border-radius:20px 20px 20px 20px;--awb-width-large:100%;--awb-margin-top-large:30px;--awb-spacing-right-large:40px;--awb-margin-bottom-large:30px;--awb-spacing-left-large:40px;--awb-width-medium:100%;--awb-order-medium:0;--awb-spacing-right-medium:40px;--awb-spacing-left-medium:40px;--awb-width-small:100%;--awb-order-small:0;--awb-spacing-right-small:40px;--awb-spacing-left-small:40px;\" data-animationType=\"fadeInUp\" data-animationDuration=\"0.9\" data-animationDelay=\"0.3\" data-animationOffset=\"top-into-view\" data-scroll-devices=\"small-visibility,medium-visibility,large-visibility\"><div class=\"fusion-column-wrapper fusion-column-has-shadow fusion-flex-justify-content-center fusion-content-layout-column\"><div class=\"fusion-title title fusion-title-2 fusion-sep-none fusion-title-center fusion-title-text fusion-title-size-two\" style=\"--awb-text-color:#f8f8f8;\"><h2 class=\"fusion-title-heading title-heading-center\" style=\"margin:0;text-transform:none;\"><span style=\"color: #f8f8f8;\">Die Vorteile der Police in K\u00fcrze:<\/span><\/h2><\/div><div class=\"fusion-builder-row fusion-builder-row-inner fusion-row fusion-flex-align-items-flex-start fusion-flex-justify-content-center fusion-flex-content-wrap\" style=\"width:calc( 100% + 80px ) !important;max-width:calc( 100% + 80px ) !important;margin-left: calc(-80px \/ 2 );margin-right: calc(-80px \/ 2 );\"><div class=\"fusion-layout-column fusion_builder_column_inner fusion-builder-nested-column-0 fusion_builder_column_inner_2_3 2_3 fusion-flex-column\" style=\"--awb-bg-size:cover;--awb-width-large:66.666666666667%;--awb-margin-top-large:0px;--awb-spacing-right-large:40px;--awb-margin-bottom-large:20px;--awb-spacing-left-large:40px;--awb-width-medium:66.666666666667%;--awb-order-medium:0;--awb-spacing-right-medium:40px;--awb-spacing-left-medium:40px;--awb-width-small:100%;--awb-order-small:0;--awb-spacing-right-small:40px;--awb-spacing-left-small:40px;\"><div class=\"fusion-column-wrapper fusion-column-has-shadow fusion-flex-justify-content-flex-start fusion-content-layout-column\"><ul style=\"--awb-iconcolor:var(--awb-color2);--awb-textcolor:var(--awb-color2);--awb-line-height:27.2px;--awb-icon-width:27.2px;--awb-icon-height:27.2px;--awb-icon-margin:11.2px;--awb-content-margin:38.4px;--awb-circlecolor:var(--awb-color5);--awb-circle-yes-font-size:14.08px;\" class=\"fusion-checklist fusion-checklist-1 fusion-checklist-default type-icons\"><li class=\"fusion-li-item\" style=\"\"><span class=\"icon-wrapper circle-yes\"><i class=\"fusion-li-icon fa-check fas\" aria-hidden=\"true\"><\/i><\/span><div class=\"fusion-li-item-content\">\n<p>Hilfe bei parasit\u00e4ren Infestationen: Wir \u00fcbernehmen die Kosten f\u00fcr die Beseitigung gesundheitssch\u00e4dlicher Parasiten wie Bettwanzen.<\/p>\n<\/div><\/li><li class=\"fusion-li-item\" style=\"\"><span class=\"icon-wrapper circle-yes\"><i class=\"fusion-li-icon fa-check fas\" aria-hidden=\"true\"><\/i><\/span><div class=\"fusion-li-item-content\">\n<p>Entfernung von Bienenst\u00f6cken, Hornissennestern und Wespen.<\/p>\n<\/div><\/li><li class=\"fusion-li-item\" style=\"\"><span class=\"icon-wrapper circle-yes\"><i class=\"fusion-li-icon fa-check fas\" aria-hidden=\"true\"><\/i><\/span><div class=\"fusion-li-item-content\">\n<p>Schl\u00fcsseldienst: Bei Schl\u00fcsselverlust oder wenn Sie sich ausgesperrt haben, kontaktieren wir einen Fachmann, der schnell zur Hilfe eilt.<\/p>\n<\/div><\/li><li class=\"fusion-li-item\" style=\"\"><span class=\"icon-wrapper circle-yes\"><i class=\"fusion-li-icon fa-check fas\" aria-hidden=\"true\"><\/i><\/span><div class=\"fusion-li-item-content\">\n<p>Soforthilfe in Notf\u00e4llen: Wir stellen einen Experten zur Verf\u00fcgung, beispielsweise f\u00fcr eine verstopfte Toilette oder eine Heizungsst\u00f6rung im Winter<\/p>\n<\/div><\/li><\/ul><\/div><\/div><\/div><\/div><\/div><div class=\"fusion-layout-column fusion_builder_column fusion-builder-column-2 fusion_builder_column_2_3 2_3 fusion-flex-column\" style=\"--awb-bg-size:cover;--awb-width-large:66.666666666667%;--awb-margin-top-large:30px;--awb-spacing-right-large:40px;--awb-margin-bottom-large:30px;--awb-spacing-left-large:40px;--awb-width-medium:66.666666666667%;--awb-order-medium:0;--awb-spacing-right-medium:40px;--awb-spacing-left-medium:40px;--awb-width-small:100%;--awb-order-small:0;--awb-spacing-right-small:40px;--awb-spacing-left-small:40px;\" data-scroll-devices=\"small-visibility,medium-visibility,large-visibility\"><div class=\"fusion-column-wrapper fusion-column-has-shadow fusion-flex-justify-content-flex-start fusion-content-layout-column\"><div class=\"fusion-text fusion-text-3 fusion-text-no-margin\" style=\"--awb-content-alignment:center;\"><h3 class=\"p1\">Wer profitiert von Home Assistance?<\/h3>\n<\/div><div class=\"fusion-text fusion-text-4 fusion-text-no-margin\" style=\"--awb-content-alignment:center;--awb-font-size:20px;\"><p class=\"p2\">F\u00fcr diejenigen, die im Notfall nicht viel Zeit am Telefon verbringen m\u00f6chten, aber schnell und unkompliziert Hilfe ohne \u00fcberm\u00e4\u00dfige Kosten erhalten m\u00f6chten.<\/p>\n<\/div><\/div><\/div><div class=\"fusion-layout-column fusion_builder_column fusion-builder-column-3 fusion_builder_column_2_3 2_3 fusion-flex-column\" style=\"--awb-bg-size:cover;--awb-width-large:66.666666666667%;--awb-margin-top-large:30px;--awb-spacing-right-large:40px;--awb-margin-bottom-large:30px;--awb-spacing-left-large:40px;--awb-width-medium:66.666666666667%;--awb-order-medium:0;--awb-spacing-right-medium:40px;--awb-spacing-left-medium:40px;--awb-width-small:100%;--awb-order-small:0;--awb-spacing-right-small:40px;--awb-spacing-left-small:40px;\" data-scroll-devices=\"small-visibility,medium-visibility,large-visibility\"><div class=\"fusion-column-wrapper fusion-column-has-shadow fusion-flex-justify-content-flex-start fusion-content-layout-column\"><div class=\"accordian fusion-accordian\" style=\"--awb-border-size:2px;--awb-icon-size:16px;--awb-content-font-size:var(--awb-typography4-font-size);--awb-icon-alignment:left;--awb-hover-color:var(--awb-color1);--awb-border-color:var(--awb-color5);--awb-background-color:var(--awb-color1);--awb-divider-color:var(--awb-color3);--awb-divider-hover-color:var(--awb-color3);--awb-icon-color:var(--awb-color5);--awb-title-color:var(--awb-color8);--awb-content-color:var(--awb-color8);--awb-icon-box-color:var(--awb-color7);--awb-toggle-hover-accent-color:var(--awb-color5);--awb-title-font-family:var(--awb-typography1-font-family);--awb-title-font-weight:var(--awb-typography1-font-weight);--awb-title-font-style:var(--awb-typography1-font-style);--awb-title-font-size:20px;--awb-content-font-family:var(--awb-typography4-font-family);--awb-content-font-weight:var(--awb-typography4-font-weight);--awb-content-font-style:var(--awb-typography4-font-style);\"><div class=\"panel-group fusion-toggle-icon-unboxed\" id=\"accordion-29818-1\"><div class=\"fusion-panel panel-default panel-3b6a054d9c427852b fusion-toggle-no-divider fusion-toggle-boxed-mode\" style=\"--awb-title-color:var(--awb-color8);--awb-content-color:var(--awb-color8);\"><div class=\"panel-heading\"><h4 class=\"panel-title toggle\" id=\"toggle_3b6a054d9c427852b\"><a aria-expanded=\"false\" aria-controls=\"3b6a054d9c427852b\" role=\"button\" data-toggle=\"collapse\" data-parent=\"#accordion-29818-1\" data-target=\"#3b6a054d9c427852b\" href=\"#3b6a054d9c427852b\"><span class=\"fusion-toggle-icon-wrapper\" aria-hidden=\"true\"><i class=\"fa-fusion-box active-icon awb-icon-minus\" aria-hidden=\"true\"><\/i><i class=\"fa-fusion-box inactive-icon awb-icon-plus\" aria-hidden=\"true\"><\/i><\/span><span class=\"fusion-toggle-heading\">Versicherte Ereignisse<\/span><\/a><\/h4><\/div><div id=\"3b6a054d9c427852b\" class=\"panel-collapse collapse \" aria-labelledby=\"toggle_3b6a054d9c427852b\"><div class=\"panel-body toggle-content fusion-clearfix\"><ul style=\"--awb-iconcolor:var(--awb-color2);--awb-line-height:27.2px;--awb-icon-width:27.2px;--awb-icon-height:27.2px;--awb-icon-margin:11.2px;--awb-content-margin:38.4px;--awb-circlecolor:var(--awb-color4);--awb-circle-yes-font-size:14.08px;\" class=\"fusion-checklist fusion-checklist-2 fusion-checklist-default type-icons\"><li class=\"fusion-li-item\" style=\"\"><span class=\"icon-wrapper circle-yes\"><i class=\"fusion-li-icon awb-icon-check\" aria-hidden=\"true\"><\/i><\/span><div class=\"fusion-li-item-content\">Sch\u00e4dlings- und Ungezieferbek\u00e4mpfungsservice, wie bei Bettwanzen oder M\u00e4usen im Haus<\/div><\/li><li class=\"fusion-li-item\" style=\"\"><span class=\"icon-wrapper circle-yes\"><i class=\"fusion-li-icon awb-icon-check\" aria-hidden=\"true\"><\/i><\/span><div class=\"fusion-li-item-content\">Notfallsituation: Wir kontaktieren Spezialisten f\u00fcr sofortige Ma\u00dfnahmen, wenn Sch\u00e4den an versicherten R\u00e4umlichkeiten oder M\u00f6beln auftreten oder wenn die Sch\u00e4den ohne sofortiges Eingreifen zunehmen w\u00fcrden<\/div><\/li><li class=\"fusion-li-item\" style=\"\"><span class=\"icon-wrapper circle-yes\"><i class=\"fusion-li-icon awb-icon-check\" aria-hidden=\"true\"><\/i><\/span><div class=\"fusion-li-item-content\">Schl\u00fcsseldienst, falls versicherte Personen keine T\u00fcren und Tore zu versicherten R\u00e4umlichkeiten \u00f6ffnen k\u00f6nnen<\/div><\/li><li class=\"fusion-li-item\" style=\"\"><span class=\"icon-wrapper circle-yes\"><i class=\"fusion-li-icon awb-icon-check\" aria-hidden=\"true\"><\/i><\/span><div class=\"fusion-li-item-content\">Hilfe bei St\u00f6rungen von Heizungs-, Klima-, L\u00fcftungs- und Sanit\u00e4ranlagen oder des Safe<\/div><\/li><li class=\"fusion-li-item\" style=\"\"><span class=\"icon-wrapper circle-yes\"><i class=\"fusion-li-icon awb-icon-check\" aria-hidden=\"true\"><\/i><\/span><div class=\"fusion-li-item-content\">Rohrreinigungsdienst, wenn Wasserleitungen verstopft sind<\/div><\/li><li class=\"fusion-li-item\" style=\"\"><span class=\"icon-wrapper circle-yes\"><i class=\"fusion-li-icon awb-icon-check\" aria-hidden=\"true\"><\/i><\/span><div class=\"fusion-li-item-content\">Entfernung von Bienenst\u00f6cken, Hornissennestern und Wespen<\/div><\/li><\/ul><\/div><\/div><\/div><div class=\"fusion-panel panel-default panel-3a5e428a5ec10261e fusion-toggle-no-divider fusion-toggle-boxed-mode\" style=\"--awb-title-color:var(--awb-color8);--awb-content-color:var(--awb-color8);\"><div class=\"panel-heading\"><h4 class=\"panel-title toggle\" id=\"toggle_3a5e428a5ec10261e\"><a aria-expanded=\"false\" aria-controls=\"3a5e428a5ec10261e\" role=\"button\" data-toggle=\"collapse\" data-parent=\"#accordion-29818-1\" data-target=\"#3a5e428a5ec10261e\" href=\"#3a5e428a5ec10261e\"><span class=\"fusion-toggle-icon-wrapper\" aria-hidden=\"true\"><i class=\"fa-fusion-box active-icon awb-icon-minus\" aria-hidden=\"true\"><\/i><i class=\"fa-fusion-box inactive-icon awb-icon-plus\" aria-hidden=\"true\"><\/i><\/span><span class=\"fusion-toggle-heading\">Selbstbehalt<\/span><\/a><\/h4><\/div><div id=\"3a5e428a5ec10261e\" class=\"panel-collapse collapse \" aria-labelledby=\"toggle_3a5e428a5ec10261e\"><div class=\"panel-body toggle-content fusion-clearfix\"><ul style=\"--awb-iconcolor:#F8F8F8;--awb-line-height:27.2px;--awb-icon-width:27.2px;--awb-icon-height:27.2px;--awb-icon-margin:11.2px;--awb-content-margin:38.4px;--awb-circlecolor:var(--awb-color5);--awb-circle-yes-font-size:14.08px;\" class=\"fusion-checklist fusion-checklist-3 fusion-checklist-default type-icons\"><li class=\"fusion-li-item\" style=\"\"><span class=\"icon-wrapper circle-yes\"><i class=\"fusion-li-icon fa-home fas\" aria-hidden=\"true\"><\/i><\/span><div class=\"fusion-li-item-content\">Mit unserem Home Assistance gibt es keine Selbstbeteiligung.<\/div><\/li><\/ul><\/div><\/div><\/div><div class=\"fusion-panel panel-default panel-ddd4bff2e26d99adc fusion-toggle-no-divider fusion-toggle-boxed-mode\" style=\"--awb-title-color:var(--awb-color8);--awb-content-color:var(--awb-color8);\"><div class=\"panel-heading\"><h4 class=\"panel-title toggle\" id=\"toggle_ddd4bff2e26d99adc\"><a aria-expanded=\"false\" aria-controls=\"ddd4bff2e26d99adc\" role=\"button\" data-toggle=\"collapse\" data-parent=\"#accordion-29818-1\" data-target=\"#ddd4bff2e26d99adc\" href=\"#ddd4bff2e26d99adc\"><span class=\"fusion-toggle-icon-wrapper\" aria-hidden=\"true\"><i class=\"fa-fusion-box active-icon awb-icon-minus\" aria-hidden=\"true\"><\/i><i class=\"fa-fusion-box inactive-icon awb-icon-plus\" aria-hidden=\"true\"><\/i><\/span><span class=\"fusion-toggle-heading\">G\u00fcltigkeitsbereich<\/span><\/a><\/h4><\/div><div id=\"ddd4bff2e26d99adc\" class=\"panel-collapse collapse \" aria-labelledby=\"toggle_ddd4bff2e26d99adc\"><div class=\"panel-body toggle-content fusion-clearfix\"><ul style=\"--awb-iconcolor:var(--awb-color2);--awb-line-height:27.2px;--awb-icon-width:27.2px;--awb-icon-height:27.2px;--awb-icon-margin:11.2px;--awb-content-margin:38.4px;--awb-circlecolor:var(--awb-color5);--awb-circle-yes-font-size:14.08px;\" class=\"fusion-checklist fusion-checklist-4 fusion-checklist-default type-icons\"><li class=\"fusion-li-item\" style=\"\"><span class=\"icon-wrapper circle-yes\"><i class=\"fusion-li-icon fa-shield-virus fas\" aria-hidden=\"true\"><\/i><\/span><div class=\"fusion-li-item-content\">\n<p>Sie profitieren von einer Versicherungsdeckung f\u00fcr den versicherten Ort, in der Regel Ihr Zuhause.<\/p>\n<\/div><\/li><\/ul><\/div><\/div><\/div><\/div><\/div><\/div><\/div><div class=\"fusion-layout-column fusion_builder_column fusion-builder-column-4 fusion_builder_column_2_3 2_3 fusion-flex-column\" style=\"--awb-bg-size:cover;--awb-width-large:66.666666666667%;--awb-margin-top-large:30px;--awb-spacing-right-large:40px;--awb-margin-bottom-large:30px;--awb-spacing-left-large:40px;--awb-width-medium:66.666666666667%;--awb-order-medium:0;--awb-spacing-right-medium:40px;--awb-spacing-left-medium:40px;--awb-width-small:100%;--awb-order-small:0;--awb-spacing-right-small:40px;--awb-spacing-left-small:40px;\" data-scroll-devices=\"small-visibility,medium-visibility,large-visibility\"><div class=\"fusion-column-wrapper fusion-column-has-shadow fusion-flex-justify-content-flex-start fusion-content-layout-column\"><div class=\"fusion-text fusion-text-5\" style=\"--awb-font-size:var(--awb-typography4-font-size);--awb-line-height:var(--awb-typography4-line-height);--awb-letter-spacing:var(--awb-typography4-letter-spacing);--awb-text-transform:var(--awb-typography4-text-transform);--awb-text-color:var(--awb-color7);--awb-text-font-family:var(--awb-typography4-font-family);--awb-text-font-weight:var(--awb-typography4-font-weight);--awb-text-font-style:var(--awb-typography4-font-style);\"><h4 class=\"p1\" style=\"text-align: center;\">Die Versicherungssummen variieren je nach Deckungselement zwischen 1.000 und 5.000 CHF.<\/h4>\n<\/div><div class=\"fusion-counters-box counters-box row fusion-clearfix fusion-columns-1\" style=\"--awb-body-color:var(--awb-color8);--awb-border-color:rgba(255,255,255,0);--awb-color:var(--awb-color8);--awb-icon-size:50;--awb-border-color:rgba(255,255,255,0);\"><div class=\"fusion-counter-box fusion-column col-counter-box counter-box-wrapper col-lg-12 col-md-12 col-sm-12\" data-animationOffset=\"top-into-view\"><div class=\"counter-box-container\"><div class=\"content-box-percentage content-box-counter\"><i class=\"counter-box-icon fontawesome-icon fa-coins fas\" aria-hidden=\"true\"><\/i><span class=\"display-counter\" data-value=\"2.90\" data-delimiter=\" \" data-direction=\"up\" data-decimals=\"2\">0<\/span><span class=\"unit\"> CHF\/Monat<\/span><\/div><div class=\"counter-box-content\"><\/div><\/div><\/div><\/div><div style=\"text-align:center;\"><a class=\"fusion-button button-flat fusion-button-default-size button-custom fusion-button-default button-1 fusion-button-default-span fusion-button-default-type\" style=\"--button_accent_color:var(--awb-color8);--button_border_color:var(--awb-color8);--button_accent_hover_color:var(--awb-color1);--button_border_hover_color:var(--awb-color8);--button_border_width-top:2px;--button_border_width-right:2px;--button_border_width-bottom:2px;--button_border_width-left:2px;--button_gradient_top_color:rgba(255,182,0,0);--button_gradient_bottom_color:rgba(255,182,0,0);--button_gradient_top_color_hover:var(--awb-color8);--button_gradient_bottom_color_hover:var(--awb-color8);--button_font_size:18px;--button_padding-top:10px;--button_padding-right:40px;--button_padding-bottom:10px;--button_padding-left:40px;--button_margin-bottom:40px;\" target=\"_self\" href=\"https:\/\/www.bedbugbuster.ch\/de\/kontaktieren-sie-uns\/\"><span class=\"fusion-button-text awb-button__text awb-button__text--default\">Fordern Sie ein ANGEBOT an<\/span><\/a><\/div><\/div><\/div><\/div><\/div>\n","protected":false},"excerpt":{"rendered":"","protected":false},"author":1,"featured_media":0,"parent":0,"menu_order":0,"comment_status":"closed","ping_status":"closed","template":"100-width.php","meta":{"footnotes":""},"class_list":["post-29818","page","type-page","status-publish","hentry"],"yoast_head":"<!-- This site is optimized with the Yoast SEO plugin v27.3 - https:\/\/yoast.com\/product\/yoast-seo-wordpress\/ -->\n<title>Police gegen Bettwanzen - Bed Bug Buster<\/title>\n<meta name=\"description\" content=\"Entdecken Sie unsere Home Assistance Police, die schnelle Eingriffe bei h\u00e4uslichen Notf\u00e4llen bietet, wie zum Beispiel Bettwanzenbefall.\" \/>\n<meta name=\"robots\" content=\"index, follow, max-snippet:-1, max-image-preview:large, max-video-preview:-1\" \/>\n<link rel=\"canonical\" href=\"https:\/\/www.bedbugbuster.ch\/de\/police\/\" \/>\n<meta property=\"og:locale\" content=\"de_DE\" \/>\n<meta property=\"og:type\" content=\"article\" \/>\n<meta property=\"og:title\" content=\"Police gegen Bettwanzen - Bed Bug Buster\" \/>\n<meta property=\"og:description\" content=\"Entdecken Sie unsere Home Assistance Police, die schnelle Eingriffe bei h\u00e4uslichen Notf\u00e4llen bietet, wie zum Beispiel Bettwanzenbefall.\" \/>\n<meta property=\"og:url\" content=\"https:\/\/www.bedbugbuster.ch\/de\/police\/\" \/>\n<meta property=\"og:site_name\" content=\"Bed Bug Buster\" \/>\n<meta property=\"article:modified_time\" content=\"2024-02-13T16:55:26+00:00\" \/>\n<meta name=\"twitter:card\" content=\"summary_large_image\" \/>\n<meta name=\"twitter:label1\" content=\"Gesch\u00e4tzte Lesezeit\" \/>\n\t<meta name=\"twitter:data1\" content=\"2\u00a0Minuten\" \/>\n<script type=\"application\/ld+json\" class=\"yoast-schema-graph\">{\"@context\":\"https:\\\/\\\/schema.org\",\"@graph\":[{\"@type\":\"WebPage\",\"@id\":\"https:\\\/\\\/www.bedbugbuster.ch\\\/de\\\/police\\\/\",\"url\":\"https:\\\/\\\/www.bedbugbuster.ch\\\/de\\\/police\\\/\",\"name\":\"Police gegen Bettwanzen - Bed Bug Buster\",\"isPartOf\":{\"@id\":\"https:\\\/\\\/www.bedbugbuster.ch\\\/de\\\/#website\"},\"datePublished\":\"2021-01-22T09:57:02+00:00\",\"dateModified\":\"2024-02-13T16:55:26+00:00\",\"description\":\"Entdecken Sie unsere Home Assistance Police, die schnelle Eingriffe bei h\u00e4uslichen Notf\u00e4llen bietet, wie zum Beispiel Bettwanzenbefall.\",\"breadcrumb\":{\"@id\":\"https:\\\/\\\/www.bedbugbuster.ch\\\/de\\\/police\\\/#breadcrumb\"},\"inLanguage\":\"de\",\"potentialAction\":[{\"@type\":\"ReadAction\",\"target\":[\"https:\\\/\\\/www.bedbugbuster.ch\\\/de\\\/police\\\/\"]}]},{\"@type\":\"BreadcrumbList\",\"@id\":\"https:\\\/\\\/www.bedbugbuster.ch\\\/de\\\/police\\\/#breadcrumb\",\"itemListElement\":[{\"@type\":\"ListItem\",\"position\":1,\"name\":\"Home\",\"item\":\"https:\\\/\\\/www.bedbugbuster.ch\\\/de\\\/\"},{\"@type\":\"ListItem\",\"position\":2,\"name\":\"Police\"}]},{\"@type\":\"WebSite\",\"@id\":\"https:\\\/\\\/www.bedbugbuster.ch\\\/de\\\/#website\",\"url\":\"https:\\\/\\\/www.bedbugbuster.ch\\\/de\\\/\",\"name\":\"Bed Bug Buster\",\"description\":\"Copertura assicurativa contro le cimici del letto\",\"alternateName\":\"Polizza Zurich Home Assistance per le cimici del letto\",\"potentialAction\":[{\"@type\":\"SearchAction\",\"target\":{\"@type\":\"EntryPoint\",\"urlTemplate\":\"https:\\\/\\\/www.bedbugbuster.ch\\\/de\\\/?s={search_term_string}\"},\"query-input\":{\"@type\":\"PropertyValueSpecification\",\"valueRequired\":true,\"valueName\":\"search_term_string\"}}],\"inLanguage\":\"de\"}]}<\/script>\n<!-- \/ Yoast SEO plugin. -->","yoast_head_json":{"title":"Police gegen Bettwanzen - Bed Bug Buster","description":"Entdecken Sie unsere Home Assistance Police, die schnelle Eingriffe bei h\u00e4uslichen Notf\u00e4llen bietet, wie zum Beispiel Bettwanzenbefall.","robots":{"index":"index","follow":"follow","max-snippet":"max-snippet:-1","max-image-preview":"max-image-preview:large","max-video-preview":"max-video-preview:-1"},"canonical":"https:\/\/www.bedbugbuster.ch\/de\/police\/","og_locale":"de_DE","og_type":"article","og_title":"Police gegen Bettwanzen - Bed Bug Buster","og_description":"Entdecken Sie unsere Home Assistance Police, die schnelle Eingriffe bei h\u00e4uslichen Notf\u00e4llen bietet, wie zum Beispiel Bettwanzenbefall.","og_url":"https:\/\/www.bedbugbuster.ch\/de\/police\/","og_site_name":"Bed Bug Buster","article_modified_time":"2024-02-13T16:55:26+00:00","twitter_card":"summary_large_image","twitter_misc":{"Gesch\u00e4tzte Lesezeit":"2\u00a0Minuten"},"schema":{"@context":"https:\/\/schema.org","@graph":[{"@type":"WebPage","@id":"https:\/\/www.bedbugbuster.ch\/de\/police\/","url":"https:\/\/www.bedbugbuster.ch\/de\/police\/","name":"Police gegen Bettwanzen - Bed Bug Buster","isPartOf":{"@id":"https:\/\/www.bedbugbuster.ch\/de\/#website"},"datePublished":"2021-01-22T09:57:02+00:00","dateModified":"2024-02-13T16:55:26+00:00","description":"Entdecken Sie unsere Home Assistance Police, die schnelle Eingriffe bei h\u00e4uslichen Notf\u00e4llen bietet, wie zum Beispiel Bettwanzenbefall.","breadcrumb":{"@id":"https:\/\/www.bedbugbuster.ch\/de\/police\/#breadcrumb"},"inLanguage":"de","potentialAction":[{"@type":"ReadAction","target":["https:\/\/www.bedbugbuster.ch\/de\/police\/"]}]},{"@type":"BreadcrumbList","@id":"https:\/\/www.bedbugbuster.ch\/de\/police\/#breadcrumb","itemListElement":[{"@type":"ListItem","position":1,"name":"Home","item":"https:\/\/www.bedbugbuster.ch\/de\/"},{"@type":"ListItem","position":2,"name":"Police"}]},{"@type":"WebSite","@id":"https:\/\/www.bedbugbuster.ch\/de\/#website","url":"https:\/\/www.bedbugbuster.ch\/de\/","name":"Bed Bug Buster","description":"Copertura assicurativa contro le cimici del letto","alternateName":"Polizza Zurich Home Assistance per le cimici del letto","potentialAction":[{"@type":"SearchAction","target":{"@type":"EntryPoint","urlTemplate":"https:\/\/www.bedbugbuster.ch\/de\/?s={search_term_string}"},"query-input":{"@type":"PropertyValueSpecification","valueRequired":true,"valueName":"search_term_string"}}],"inLanguage":"de"}]}},"_links":{"self":[{"href":"https:\/\/www.bedbugbuster.ch\/de\/wp-json\/wp\/v2\/pages\/29818","targetHints":{"allow":["GET"]}}],"collection":[{"href":"https:\/\/www.bedbugbuster.ch\/de\/wp-json\/wp\/v2\/pages"}],"about":[{"href":"https:\/\/www.bedbugbuster.ch\/de\/wp-json\/wp\/v2\/types\/page"}],"author":[{"embeddable":true,"href":"https:\/\/www.bedbugbuster.ch\/de\/wp-json\/wp\/v2\/users\/1"}],"replies":[{"embeddable":true,"href":"https:\/\/www.bedbugbuster.ch\/de\/wp-json\/wp\/v2\/comments?post=29818"}],"version-history":[{"count":8,"href":"https:\/\/www.bedbugbuster.ch\/de\/wp-json\/wp\/v2\/pages\/29818\/revisions"}],"predecessor-version":[{"id":30183,"href":"https:\/\/www.bedbugbuster.ch\/de\/wp-json\/wp\/v2\/pages\/29818\/revisions\/30183"}],"wp:attachment":[{"href":"https:\/\/www.bedbugbuster.ch\/de\/wp-json\/wp\/v2\/media?parent=29818"}],"curies":[{"name":"wp","href":"https:\/\/api.w.org\/{rel}","templated":true}]}}