{"id":29807,"date":"2023-12-19T12:19:07","date_gmt":"2023-12-19T11:19:07","guid":{"rendered":"https:\/\/www.bedbugbuster.ch\/costi-disinfestazione-cimici-dei-letti\/"},"modified":"2024-01-30T11:36:16","modified_gmt":"2024-01-30T10:36:16","slug":"couts-de-la-lutte-antiparasitaire","status":"publish","type":"page","link":"https:\/\/www.bedbugbuster.ch\/fr\/couts-de-la-lutte-antiparasitaire\/","title":{"rendered":"Co\u00fbts de la lutte antiparasitaire"},"content":{"rendered":"<div class=\"fusion-fullwidth fullwidth-box fusion-builder-row-1 fusion-flex-container has-pattern-background has-mask-background nonhundred-percent-fullwidth non-hundred-percent-height-scrolling fusion-animated\" style=\"--awb-border-radius-top-left:0px;--awb-border-radius-top-right:0px;--awb-border-radius-bottom-right:0px;--awb-border-radius-bottom-left:0px;--awb-padding-top:50px;--awb-padding-bottom:50px;--awb-flex-wrap:wrap;\" data-animationType=\"fadeInUp\" data-animationDuration=\"0.8\" data-animationDelay=\"0.3\" data-animationOffset=\"top-into-view\" ><div class=\"fusion-builder-row fusion-row fusion-flex-align-items-flex-start fusion-flex-content-wrap\" style=\"max-width:calc( 1200px + 80px );margin-left: calc(-80px \/ 2 );margin-right: calc(-80px \/ 2 );\"><div class=\"fusion-layout-column fusion_builder_column fusion-builder-column-0 fusion_builder_column_1_2 1_2 fusion-flex-column fusion-flex-align-self-center\" style=\"--awb-overflow:hidden;--awb-bg-size:cover;--awb-box-shadow:2px 2px 28px -16px var(--awb-color6);;--awb-border-radius:20px 20px 20px 20px;--awb-width-large:50%;--awb-margin-top-large:0px;--awb-spacing-right-large:40px;--awb-margin-bottom-large:20px;--awb-spacing-left-large:40px;--awb-width-medium:50%;--awb-order-medium:0;--awb-spacing-right-medium:40px;--awb-spacing-left-medium:40px;--awb-width-small:100%;--awb-order-small:0;--awb-spacing-right-small:40px;--awb-margin-bottom-small:30px;--awb-spacing-left-small:40px;\" data-scroll-devices=\"small-visibility,medium-visibility,large-visibility\"><div class=\"fusion-column-wrapper fusion-column-has-shadow fusion-flex-justify-content-center fusion-content-layout-column\"><div class=\"fusion-image-element \" style=\"text-align:left;--awb-caption-title-font-family:var(--h2_typography-font-family);--awb-caption-title-font-weight:var(--h2_typography-font-weight);--awb-caption-title-font-style:var(--h2_typography-font-style);--awb-caption-title-size:var(--h2_typography-font-size);--awb-caption-title-transform:var(--h2_typography-text-transform);--awb-caption-title-line-height:var(--h2_typography-line-height);--awb-caption-title-letter-spacing:var(--h2_typography-letter-spacing);\"><span class=\" fusion-imageframe imageframe-none imageframe-1 hover-type-none\"><img decoding=\"async\" width=\"880\" height=\"519\" alt=\"Extermination professionnelle des punaises de lit\" title=\"1costo\" src=\"https:\/\/www.bedbugbuster.ch\/wp-content\/uploads\/2024\/01\/1costo.jpg\" data-orig-src=\"https:\/\/www.bedbugbuster.ch\/wp-content\/uploads\/2024\/01\/1costo.jpg\" class=\"lazyload img-responsive wp-image-29704\" srcset=\"data:image\/svg+xml,%3Csvg%20xmlns%3D%27http%3A%2F%2Fwww.w3.org%2F2000%2Fsvg%27%20width%3D%27880%27%20height%3D%27519%27%20viewBox%3D%270%200%20880%20519%27%3E%3Crect%20width%3D%27880%27%20height%3D%27519%27%20fill-opacity%3D%220%22%2F%3E%3C%2Fsvg%3E\" data-srcset=\"https:\/\/www.bedbugbuster.ch\/wp-content\/uploads\/2024\/01\/1costo-200x118.jpg 200w, https:\/\/www.bedbugbuster.ch\/wp-content\/uploads\/2024\/01\/1costo-400x236.jpg 400w, https:\/\/www.bedbugbuster.ch\/wp-content\/uploads\/2024\/01\/1costo-600x354.jpg 600w, https:\/\/www.bedbugbuster.ch\/wp-content\/uploads\/2024\/01\/1costo-800x472.jpg 800w, https:\/\/www.bedbugbuster.ch\/wp-content\/uploads\/2024\/01\/1costo.jpg 880w\" data-sizes=\"auto\" data-orig-sizes=\"(max-width: 640px) 100vw, 600px\" \/><\/span><\/div><\/div><\/div><div class=\"fusion-layout-column fusion_builder_column fusion-builder-column-1 fusion_builder_column_1_2 1_2 fusion-flex-column fusion-flex-align-self-center\" style=\"--awb-bg-size:cover;--awb-width-large:50%;--awb-margin-top-large:0px;--awb-spacing-right-large:40px;--awb-margin-bottom-large:20px;--awb-spacing-left-large:40px;--awb-width-medium:50%;--awb-order-medium:0;--awb-spacing-right-medium:40px;--awb-spacing-left-medium:40px;--awb-width-small:100%;--awb-order-small:0;--awb-spacing-right-small:40px;--awb-spacing-left-small:40px;\" data-scroll-devices=\"small-visibility,medium-visibility,large-visibility\"><div class=\"fusion-column-wrapper fusion-column-has-shadow fusion-flex-justify-content-center fusion-content-layout-column\"><div class=\"fusion-text fusion-text-1 fusion-text-no-margin\" style=\"--awb-font-size:20px;--awb-text-transform:none;--awb-margin-bottom:40px;\"><p>La lutte professionnelle contre les parasites co\u00fbte entre 1 200 et 1 800 francs par pi\u00e8ce infest\u00e9e.<\/p>\n<\/div><\/div><\/div><div class=\"fusion-layout-column fusion_builder_column fusion-builder-column-2 fusion_builder_column_1_1 1_1 fusion-flex-column\" style=\"--awb-bg-size:cover;--awb-width-large:100%;--awb-margin-top-large:0px;--awb-spacing-right-large:40px;--awb-margin-bottom-large:20px;--awb-spacing-left-large:40px;--awb-width-medium:100%;--awb-order-medium:0;--awb-spacing-right-medium:40px;--awb-spacing-left-medium:40px;--awb-width-small:100%;--awb-order-small:0;--awb-spacing-right-small:40px;--awb-spacing-left-small:40px;\"><div class=\"fusion-column-wrapper fusion-column-has-shadow fusion-flex-justify-content-flex-start fusion-content-layout-column\"><div class=\"fusion-separator\" style=\"align-self: flex-start;margin-right:auto;margin-bottom:50px;width:100%;max-width:80px;\"><\/div><\/div><\/div><div class=\"fusion-layout-column fusion_builder_column fusion-builder-column-3 fusion_builder_column_1_1 1_1 fusion-flex-column\" style=\"--awb-bg-size:cover;--awb-width-large:100%;--awb-margin-top-large:0px;--awb-spacing-right-large:40px;--awb-margin-bottom-large:20px;--awb-spacing-left-large:40px;--awb-width-medium:100%;--awb-order-medium:0;--awb-spacing-right-medium:40px;--awb-spacing-left-medium:40px;--awb-width-small:100%;--awb-order-small:0;--awb-spacing-right-small:40px;--awb-spacing-left-small:40px;\"><div class=\"fusion-column-wrapper fusion-column-has-shadow fusion-flex-justify-content-flex-start fusion-content-layout-column\"><div class=\"fusion-title title fusion-title-1 fusion-sep-none fusion-title-text fusion-title-size-two\" style=\"--awb-margin-top:-10px;--awb-margin-bottom:30px;--awb-margin-bottom-small:30px;\"><h2 class=\"fusion-title-heading title-heading-left\" style=\"margin:0;letter-spacing:-1px;text-transform:none;\">Co\u00fbts de la lutte contre les punaises de lit<\/h2><\/div><div class=\"fusion-separator\" style=\"align-self: flex-start;margin-right:auto;margin-bottom:50px;width:100%;max-width:80px;\"><div class=\"fusion-separator-border sep-single sep-solid\" style=\"--awb-height:20px;--awb-amount:20px;--awb-sep-color:var(--awb-color4);border-color:var(--awb-color4);border-top-width:3px;\"><\/div><\/div><\/div><\/div><div class=\"fusion-layout-column fusion_builder_column fusion-builder-column-4 fusion_builder_column_1_2 1_2 fusion-flex-column\" style=\"--awb-bg-size:cover;--awb-width-large:50%;--awb-margin-top-large:0px;--awb-spacing-right-large:40px;--awb-margin-bottom-large:20px;--awb-spacing-left-large:40px;--awb-width-medium:50%;--awb-order-medium:0;--awb-spacing-right-medium:40px;--awb-spacing-left-medium:40px;--awb-width-small:100%;--awb-order-small:0;--awb-spacing-right-small:40px;--awb-spacing-left-small:40px;\"><div class=\"fusion-column-wrapper fusion-column-has-shadow fusion-flex-justify-content-flex-start fusion-content-layout-column\"><div class=\"fusion-text fusion-text-2 fusion-text-no-margin\" style=\"--awb-text-transform:none;--awb-margin-bottom:40px;\"><p>Les punaises de lit se d\u00e9placent souvent sans que l&rsquo;on s&rsquo;en aper\u00e7oive et il est difficile de comprendre comment elles sont entr\u00e9es dans la maison ou qui les a introduites.<\/p>\n<p>Pour la sant\u00e9 de tous, il est important de signaler imm\u00e9diatement toute infestation afin d&rsquo;\u00e9viter la propagation et la croissance incontr\u00f4l\u00e9e de ces insectes nuisibles.<\/p>\n<p>Il est donc prudent et responsable de toujours \u00eatre bien assur\u00e9, car les co\u00fbts de la lutte contre les parasites peuvent \u00eatre tr\u00e8s \u00e9lev\u00e9s, en fonction du degr\u00e9 d&rsquo;infestation de la maison.<\/p>\n<\/div><\/div><\/div><div class=\"fusion-layout-column fusion_builder_column fusion-builder-column-5 fusion_builder_column_1_2 1_2 fusion-flex-column\" style=\"--awb-bg-size:cover;--awb-width-large:50%;--awb-margin-top-large:0px;--awb-spacing-right-large:40px;--awb-margin-bottom-large:20px;--awb-spacing-left-large:40px;--awb-width-medium:50%;--awb-order-medium:0;--awb-spacing-right-medium:40px;--awb-spacing-left-medium:40px;--awb-width-small:100%;--awb-order-small:0;--awb-spacing-right-small:40px;--awb-spacing-left-small:40px;\"><div class=\"fusion-column-wrapper fusion-column-has-shadow fusion-flex-justify-content-flex-start fusion-content-layout-column\"><div class=\"fusion-text fusion-text-3 fusion-text-no-margin\" style=\"--awb-text-transform:none;--awb-margin-bottom:40px;\"><p>Les tarifs sont indicatifs et d\u00e9pendent du degr\u00e9 d&rsquo;infestation et du traitement \u00e0 effectuer pour \u00e9liminer les punaises de lit le plus efficacement et le plus rapidement possible.<\/p>\n<p>Plus une infestation est signal\u00e9e et identifi\u00e9e rapidement, moins le traitement antiparasitaire sera co\u00fbteux.<\/p>\n<p>Il est donc primordial de se renseigner sur les punaises de lit et leur comportement, afin d&rsquo;agir le plus rapidement possible.<\/p>\n<\/div><\/div><\/div><div class=\"fusion-layout-column fusion_builder_column fusion-builder-column-6 fusion_builder_column_1_1 1_1 fusion-flex-column\" style=\"--awb-bg-size:cover;--awb-width-large:100%;--awb-margin-top-large:0px;--awb-spacing-right-large:40px;--awb-margin-bottom-large:20px;--awb-spacing-left-large:40px;--awb-width-medium:100%;--awb-order-medium:0;--awb-spacing-right-medium:40px;--awb-spacing-left-medium:40px;--awb-width-small:100%;--awb-order-small:0;--awb-spacing-right-small:40px;--awb-spacing-left-small:40px;\"><div class=\"fusion-column-wrapper fusion-column-has-shadow fusion-flex-justify-content-flex-start fusion-content-layout-column\"><div class=\"fusion-separator\" style=\"align-self: flex-start;margin-right:auto;margin-bottom:50px;width:100%;max-width:80px;\"><\/div><\/div><\/div><div class=\"fusion-layout-column fusion_builder_column fusion-builder-column-7 fusion_builder_column_1_2 1_2 fusion-flex-column\" style=\"--awb-bg-size:cover;--awb-width-large:50%;--awb-margin-top-large:0px;--awb-spacing-right-large:40px;--awb-margin-bottom-large:20px;--awb-spacing-left-large:40px;--awb-width-medium:50%;--awb-order-medium:0;--awb-spacing-right-medium:40px;--awb-spacing-left-medium:40px;--awb-width-small:100%;--awb-order-small:0;--awb-spacing-right-small:40px;--awb-spacing-left-small:40px;\"><div class=\"fusion-column-wrapper fusion-column-has-shadow fusion-flex-justify-content-flex-start fusion-content-layout-column\"><div style=\"text-align:center;\"><a class=\"fusion-button button-flat fusion-button-default-size button-custom fusion-button-default button-1 fusion-button-default-span fusion-button-default-type fusion-no-small-visibility\" style=\"--button_accent_color:var(--awb-color8);--button_border_color:var(--awb-color8);--button_accent_hover_color:var(--awb-color8);--button_border_hover_color:var(--awb-color8);--button_border_width-top:1px;--button_border_width-right:1px;--button_border_width-bottom:1px;--button_border_width-left:1px;--button_gradient_top_color:rgba(248,248,248,0);--button_gradient_bottom_color:rgba(248,248,248,0);--button_gradient_top_color_hover:var(--awb-color4);--button_gradient_bottom_color_hover:var(--awb-color4);--button_font_size:24px;\" target=\"_self\" href=\"https:\/\/www.bedbugbuster.ch\/fr\/police\/\"><span class=\"fusion-button-text awb-button__text awb-button__text--default\">D\u00e9couvrez notre police<\/span><\/a><\/div><\/div><\/div><div class=\"fusion-layout-column fusion_builder_column fusion-builder-column-8 fusion_builder_column_1_2 1_2 fusion-flex-column\" style=\"--awb-bg-size:cover;--awb-width-large:50%;--awb-margin-top-large:0px;--awb-spacing-right-large:40px;--awb-margin-bottom-large:20px;--awb-spacing-left-large:40px;--awb-width-medium:50%;--awb-order-medium:0;--awb-spacing-right-medium:40px;--awb-spacing-left-medium:40px;--awb-width-small:100%;--awb-order-small:0;--awb-spacing-right-small:40px;--awb-spacing-left-small:40px;\"><div class=\"fusion-column-wrapper fusion-column-has-shadow fusion-flex-justify-content-flex-start fusion-content-layout-column\"><div style=\"text-align:center;\"><a class=\"fusion-button button-flat fusion-button-default-size button-custom fusion-button-default button-2 fusion-button-default-span fusion-button-default-type fusion-no-small-visibility\" style=\"--button_accent_color:var(--awb-color1);--button_border_color:var(--awb-color1);--button_accent_hover_color:var(--awb-color8);--button_border_hover_color:var(--awb-color8);--button_gradient_top_color:var(--awb-color5);--button_gradient_bottom_color:var(--awb-color5);--button_gradient_top_color_hover:var(--awb-color4);--button_gradient_bottom_color_hover:var(--awb-color4);--button_font_size:24px;\" target=\"_self\" href=\"https:\/\/www.bedbugbuster.ch\/fr\/contactez-nous\/\"><span class=\"fusion-button-text awb-button__text awb-button__text--default\">Contactez nous pour une offre gratuite!<\/span><\/a><\/div><\/div><\/div><div class=\"fusion-layout-column fusion_builder_column fusion-builder-column-9 fusion_builder_column_1_2 1_2 fusion-flex-column\" style=\"--awb-bg-size:cover;--awb-width-large:50%;--awb-margin-top-large:0px;--awb-spacing-right-large:40px;--awb-margin-bottom-large:20px;--awb-spacing-left-large:40px;--awb-width-medium:50%;--awb-order-medium:0;--awb-spacing-right-medium:40px;--awb-spacing-left-medium:40px;--awb-width-small:100%;--awb-order-small:0;--awb-spacing-right-small:40px;--awb-spacing-left-small:40px;\"><div class=\"fusion-column-wrapper fusion-column-has-shadow fusion-flex-justify-content-flex-start fusion-content-layout-column\"><div style=\"text-align:center;\"><a class=\"fusion-button button-flat fusion-button-default-size button-custom fusion-button-default button-3 fusion-button-default-span fusion-button-default-type fusion-no-medium-visibility fusion-no-large-visibility\" style=\"--button_accent_color:var(--awb-color8);--button_border_color:var(--awb-color8);--button_accent_hover_color:var(--awb-color8);--button_border_hover_color:var(--awb-color8);--button_border_width-top:1px;--button_border_width-right:1px;--button_border_width-bottom:1px;--button_border_width-left:1px;--button_gradient_top_color:rgba(248,248,248,0);--button_gradient_bottom_color:rgba(248,248,248,0);--button_gradient_top_color_hover:var(--awb-color4);--button_gradient_bottom_color_hover:var(--awb-color4);--button_line_height:18px;\" target=\"_self\" href=\"https:\/\/www.bedbugbuster.ch\/fr\/police\/\"><span class=\"fusion-button-text awb-button__text awb-button__text--default\">D\u00e9couvrez notre police<\/span><\/a><\/div><\/div><\/div><div class=\"fusion-layout-column fusion_builder_column fusion-builder-column-10 fusion_builder_column_1_2 1_2 fusion-flex-column\" style=\"--awb-bg-size:cover;--awb-width-large:50%;--awb-margin-top-large:0px;--awb-spacing-right-large:40px;--awb-margin-bottom-large:20px;--awb-spacing-left-large:40px;--awb-width-medium:50%;--awb-order-medium:0;--awb-spacing-right-medium:40px;--awb-spacing-left-medium:40px;--awb-width-small:100%;--awb-order-small:0;--awb-spacing-right-small:40px;--awb-spacing-left-small:40px;\"><div class=\"fusion-column-wrapper fusion-column-has-shadow fusion-flex-justify-content-flex-start fusion-content-layout-column\"><div style=\"text-align:center;\"><a class=\"fusion-button button-flat fusion-button-default-size button-custom fusion-button-default button-4 fusion-button-default-span fusion-button-default-type fusion-no-medium-visibility fusion-no-large-visibility\" style=\"--button_accent_color:var(--awb-color1);--button_border_color:var(--awb-color1);--button_accent_hover_color:var(--awb-color8);--button_border_hover_color:var(--awb-color8);--button_gradient_top_color:var(--awb-color5);--button_gradient_bottom_color:var(--awb-color5);--button_gradient_top_color_hover:var(--awb-color4);--button_gradient_bottom_color_hover:var(--awb-color4);--button_line_height:18px;\" target=\"_self\" href=\"https:\/\/www.bedbugbuster.ch\/fr\/contactez-nous\/\"><span class=\"fusion-button-text awb-button__text awb-button__text--default\">Contactez nous pour une offre gratuite!<\/span><\/a><\/div><\/div><\/div><\/div><\/div>\n","protected":false},"excerpt":{"rendered":"","protected":false},"author":1,"featured_media":0,"parent":0,"menu_order":0,"comment_status":"closed","ping_status":"closed","template":"100-width.php","meta":{"footnotes":""},"class_list":["post-29807","page","type-page","status-publish","hentry"],"yoast_head":"<!-- This site is optimized with the Yoast SEO plugin v27.3 - https:\/\/yoast.com\/product\/yoast-seo-wordpress\/ -->\n<title>Co\u00fbts de la lutte contre les punaises de lit - Bed Bug Buster<\/title>\n<meta name=\"description\" content=\"D\u00e9couvrez les co\u00fbts de la lutte contre les punaises de lit. Informations utiles pour un traitement professionnel contre les infestations.\" \/>\n<meta name=\"robots\" content=\"index, follow, max-snippet:-1, max-image-preview:large, max-video-preview:-1\" \/>\n<link rel=\"canonical\" href=\"https:\/\/www.bedbugbuster.ch\/fr\/couts-de-la-lutte-antiparasitaire\/\" \/>\n<meta property=\"og:locale\" content=\"fr_FR\" \/>\n<meta property=\"og:type\" content=\"article\" \/>\n<meta property=\"og:title\" content=\"Co\u00fbts de la lutte contre les punaises de lit - Bed Bug Buster\" \/>\n<meta property=\"og:description\" content=\"D\u00e9couvrez les co\u00fbts de la lutte contre les punaises de lit. Informations utiles pour un traitement professionnel contre les infestations.\" \/>\n<meta property=\"og:url\" content=\"https:\/\/www.bedbugbuster.ch\/fr\/couts-de-la-lutte-antiparasitaire\/\" \/>\n<meta property=\"og:site_name\" content=\"Bed Bug Buster\" \/>\n<meta property=\"article:modified_time\" content=\"2024-01-30T10:36:16+00:00\" \/>\n<meta name=\"twitter:card\" content=\"summary_large_image\" \/>\n<meta name=\"twitter:label1\" content=\"Dur\u00e9e de lecture estim\u00e9e\" \/>\n\t<meta name=\"twitter:data1\" content=\"2 minutes\" \/>\n<script type=\"application\/ld+json\" class=\"yoast-schema-graph\">{\"@context\":\"https:\\\/\\\/schema.org\",\"@graph\":[{\"@type\":\"WebPage\",\"@id\":\"https:\\\/\\\/www.bedbugbuster.ch\\\/fr\\\/couts-de-la-lutte-antiparasitaire\\\/\",\"url\":\"https:\\\/\\\/www.bedbugbuster.ch\\\/fr\\\/couts-de-la-lutte-antiparasitaire\\\/\",\"name\":\"Co\u00fbts de la lutte contre les punaises de lit - Bed Bug Buster\",\"isPartOf\":{\"@id\":\"https:\\\/\\\/www.bedbugbuster.ch\\\/fr\\\/#website\"},\"datePublished\":\"2023-12-19T11:19:07+00:00\",\"dateModified\":\"2024-01-30T10:36:16+00:00\",\"description\":\"D\u00e9couvrez les co\u00fbts de la lutte contre les punaises de lit. Informations utiles pour un traitement professionnel contre les infestations.\",\"breadcrumb\":{\"@id\":\"https:\\\/\\\/www.bedbugbuster.ch\\\/fr\\\/couts-de-la-lutte-antiparasitaire\\\/#breadcrumb\"},\"inLanguage\":\"fr-FR\",\"potentialAction\":[{\"@type\":\"ReadAction\",\"target\":[\"https:\\\/\\\/www.bedbugbuster.ch\\\/fr\\\/couts-de-la-lutte-antiparasitaire\\\/\"]}]},{\"@type\":\"BreadcrumbList\",\"@id\":\"https:\\\/\\\/www.bedbugbuster.ch\\\/fr\\\/couts-de-la-lutte-antiparasitaire\\\/#breadcrumb\",\"itemListElement\":[{\"@type\":\"ListItem\",\"position\":1,\"name\":\"Home\",\"item\":\"https:\\\/\\\/www.bedbugbuster.ch\\\/fr\\\/\"},{\"@type\":\"ListItem\",\"position\":2,\"name\":\"Co\u00fbts de la lutte antiparasitaire\"}]},{\"@type\":\"WebSite\",\"@id\":\"https:\\\/\\\/www.bedbugbuster.ch\\\/fr\\\/#website\",\"url\":\"https:\\\/\\\/www.bedbugbuster.ch\\\/fr\\\/\",\"name\":\"Bed Bug Buster\",\"description\":\"Copertura assicurativa contro le cimici del letto\",\"alternateName\":\"Polizza Zurich Home Assistance per le cimici del letto\",\"potentialAction\":[{\"@type\":\"SearchAction\",\"target\":{\"@type\":\"EntryPoint\",\"urlTemplate\":\"https:\\\/\\\/www.bedbugbuster.ch\\\/fr\\\/?s={search_term_string}\"},\"query-input\":{\"@type\":\"PropertyValueSpecification\",\"valueRequired\":true,\"valueName\":\"search_term_string\"}}],\"inLanguage\":\"fr-FR\"}]}<\/script>\n<!-- \/ Yoast SEO plugin. -->","yoast_head_json":{"title":"Co\u00fbts de la lutte contre les punaises de lit - Bed Bug Buster","description":"D\u00e9couvrez les co\u00fbts de la lutte contre les punaises de lit. Informations utiles pour un traitement professionnel contre les infestations.","robots":{"index":"index","follow":"follow","max-snippet":"max-snippet:-1","max-image-preview":"max-image-preview:large","max-video-preview":"max-video-preview:-1"},"canonical":"https:\/\/www.bedbugbuster.ch\/fr\/couts-de-la-lutte-antiparasitaire\/","og_locale":"fr_FR","og_type":"article","og_title":"Co\u00fbts de la lutte contre les punaises de lit - Bed Bug Buster","og_description":"D\u00e9couvrez les co\u00fbts de la lutte contre les punaises de lit. Informations utiles pour un traitement professionnel contre les infestations.","og_url":"https:\/\/www.bedbugbuster.ch\/fr\/couts-de-la-lutte-antiparasitaire\/","og_site_name":"Bed Bug Buster","article_modified_time":"2024-01-30T10:36:16+00:00","twitter_card":"summary_large_image","twitter_misc":{"Dur\u00e9e de lecture estim\u00e9e":"2 minutes"},"schema":{"@context":"https:\/\/schema.org","@graph":[{"@type":"WebPage","@id":"https:\/\/www.bedbugbuster.ch\/fr\/couts-de-la-lutte-antiparasitaire\/","url":"https:\/\/www.bedbugbuster.ch\/fr\/couts-de-la-lutte-antiparasitaire\/","name":"Co\u00fbts de la lutte contre les punaises de lit - Bed Bug Buster","isPartOf":{"@id":"https:\/\/www.bedbugbuster.ch\/fr\/#website"},"datePublished":"2023-12-19T11:19:07+00:00","dateModified":"2024-01-30T10:36:16+00:00","description":"D\u00e9couvrez les co\u00fbts de la lutte contre les punaises de lit. Informations utiles pour un traitement professionnel contre les infestations.","breadcrumb":{"@id":"https:\/\/www.bedbugbuster.ch\/fr\/couts-de-la-lutte-antiparasitaire\/#breadcrumb"},"inLanguage":"fr-FR","potentialAction":[{"@type":"ReadAction","target":["https:\/\/www.bedbugbuster.ch\/fr\/couts-de-la-lutte-antiparasitaire\/"]}]},{"@type":"BreadcrumbList","@id":"https:\/\/www.bedbugbuster.ch\/fr\/couts-de-la-lutte-antiparasitaire\/#breadcrumb","itemListElement":[{"@type":"ListItem","position":1,"name":"Home","item":"https:\/\/www.bedbugbuster.ch\/fr\/"},{"@type":"ListItem","position":2,"name":"Co\u00fbts de la lutte antiparasitaire"}]},{"@type":"WebSite","@id":"https:\/\/www.bedbugbuster.ch\/fr\/#website","url":"https:\/\/www.bedbugbuster.ch\/fr\/","name":"Bed Bug Buster","description":"Copertura assicurativa contro le cimici del letto","alternateName":"Polizza Zurich Home Assistance per le cimici del letto","potentialAction":[{"@type":"SearchAction","target":{"@type":"EntryPoint","urlTemplate":"https:\/\/www.bedbugbuster.ch\/fr\/?s={search_term_string}"},"query-input":{"@type":"PropertyValueSpecification","valueRequired":true,"valueName":"search_term_string"}}],"inLanguage":"fr-FR"}]}},"_links":{"self":[{"href":"https:\/\/www.bedbugbuster.ch\/fr\/wp-json\/wp\/v2\/pages\/29807","targetHints":{"allow":["GET"]}}],"collection":[{"href":"https:\/\/www.bedbugbuster.ch\/fr\/wp-json\/wp\/v2\/pages"}],"about":[{"href":"https:\/\/www.bedbugbuster.ch\/fr\/wp-json\/wp\/v2\/types\/page"}],"author":[{"embeddable":true,"href":"https:\/\/www.bedbugbuster.ch\/fr\/wp-json\/wp\/v2\/users\/1"}],"replies":[{"embeddable":true,"href":"https:\/\/www.bedbugbuster.ch\/fr\/wp-json\/wp\/v2\/comments?post=29807"}],"version-history":[{"count":4,"href":"https:\/\/www.bedbugbuster.ch\/fr\/wp-json\/wp\/v2\/pages\/29807\/revisions"}],"predecessor-version":[{"id":30066,"href":"https:\/\/www.bedbugbuster.ch\/fr\/wp-json\/wp\/v2\/pages\/29807\/revisions\/30066"}],"wp:attachment":[{"href":"https:\/\/www.bedbugbuster.ch\/fr\/wp-json\/wp\/v2\/media?parent=29807"}],"curies":[{"name":"wp","href":"https:\/\/api.w.org\/{rel}","templated":true}]}}