{"id":29811,"date":"2021-01-22T10:57:50","date_gmt":"2021-01-22T09:57:50","guid":{"rendered":"https:\/\/www.bedbugbuster.ch\/faq\/"},"modified":"2024-01-30T17:03:00","modified_gmt":"2024-01-30T16:03:00","slug":"faq","status":"publish","type":"page","link":"https:\/\/www.bedbugbuster.ch\/fr\/faq\/","title":{"rendered":"FAQ"},"content":{"rendered":"<div class=\"fusion-fullwidth fullwidth-box fusion-builder-row-1 fusion-flex-container nonhundred-percent-fullwidth non-hundred-percent-height-scrolling fusion-animated\" style=\"--awb-border-radius-top-left:0px;--awb-border-radius-top-right:0px;--awb-border-radius-bottom-right:0px;--awb-border-radius-bottom-left:0px;--awb-padding-top:30px;--awb-padding-bottom:0px;--awb-padding-top-small:0px;--awb-flex-wrap:wrap;\" data-animationType=\"fadeInUp\" data-animationDuration=\"1.3\" data-animationOffset=\"top-into-view\" ><div class=\"fusion-builder-row fusion-row fusion-flex-align-items-flex-start fusion-flex-justify-content-center fusion-flex-content-wrap\" style=\"max-width:calc( 1200px + 80px );margin-left: calc(-80px \/ 2 );margin-right: calc(-80px \/ 2 );\"><div class=\"fusion-layout-column fusion_builder_column fusion-builder-column-0 fusion_builder_column_4_5 4_5 fusion-flex-column\" style=\"--awb-bg-size:cover;--awb-width-large:80%;--awb-margin-top-large:0px;--awb-spacing-right-large:40px;--awb-margin-bottom-large:80px;--awb-spacing-left-large:40px;--awb-width-medium:80%;--awb-order-medium:0;--awb-spacing-right-medium:40px;--awb-margin-bottom-medium:70px;--awb-spacing-left-medium:40px;--awb-width-small:100%;--awb-order-small:0;--awb-spacing-right-small:40px;--awb-margin-bottom-small:40px;--awb-spacing-left-small:40px;\"><div class=\"fusion-column-wrapper fusion-column-has-shadow fusion-flex-justify-content-flex-start fusion-content-layout-column\"><div class=\"fusion-text fusion-text-1 fusion-text-no-margin\" style=\"--awb-content-alignment:center;--awb-font-size:var(--awb-typography2-font-size);--awb-line-height:var(--awb-typography2-line-height);--awb-letter-spacing:var(--awb-typography2-letter-spacing);--awb-text-transform:var(--awb-typography2-text-transform);--awb-margin-bottom:10px;--awb-text-font-family:var(--awb-typography2-font-family);--awb-text-font-weight:var(--awb-typography2-font-weight);--awb-text-font-style:var(--awb-typography2-font-style);\"><p>Tu veus en savoir plus?<\/p>\n<\/div><div class=\"fusion-title title fusion-title-1 fusion-sep-none fusion-title-center fusion-title-text fusion-title-size-two\" style=\"--awb-margin-bottom:30px;--awb-margin-bottom-small:30px;\"><h2 class=\"fusion-title-heading title-heading-center\" style=\"margin:0;letter-spacing:-1px;text-transform:capitalize;\">Lis les FAQ<\/h2><\/div><\/div><\/div><div class=\"fusion-layout-column fusion_builder_column fusion-builder-column-1 fusion_builder_column_1_2 1_2 fusion-flex-column\" style=\"--awb-bg-size:cover;--awb-width-large:50%;--awb-margin-top-large:0px;--awb-spacing-right-large:40px;--awb-margin-bottom-large:70px;--awb-spacing-left-large:40px;--awb-width-medium:50%;--awb-order-medium:0;--awb-spacing-right-medium:40px;--awb-spacing-left-medium:40px;--awb-width-small:100%;--awb-order-small:1;--awb-spacing-right-small:40px;--awb-margin-bottom-small:0px;--awb-spacing-left-small:40px;\"><div class=\"fusion-column-wrapper fusion-column-has-shadow fusion-flex-justify-content-flex-start fusion-content-layout-column\"><div class=\"accordian fusion-accordian\" style=\"--awb-border-size:2px;--awb-icon-size:16px;--awb-content-font-size:var(--awb-typography4-font-size);--awb-icon-alignment:left;--awb-hover-color:var(--awb-color1);--awb-border-color:var(--awb-color5);--awb-background-color:var(--awb-color1);--awb-divider-color:var(--awb-color3);--awb-divider-hover-color:var(--awb-color3);--awb-icon-color:var(--awb-color5);--awb-title-color:var(--awb-color8);--awb-content-color:var(--awb-color8);--awb-icon-box-color:var(--awb-color7);--awb-toggle-hover-accent-color:var(--awb-color5);--awb-title-font-family:var(--awb-typography1-font-family);--awb-title-font-weight:var(--awb-typography1-font-weight);--awb-title-font-style:var(--awb-typography1-font-style);--awb-title-font-size:20px;--awb-content-font-family:var(--awb-typography4-font-family);--awb-content-font-weight:var(--awb-typography4-font-weight);--awb-content-font-style:var(--awb-typography4-font-style);\"><div class=\"panel-group fusion-toggle-icon-unboxed\" id=\"accordion-29811-1\"><div class=\"fusion-panel panel-default panel-2d376de234d1cb4f9 fusion-toggle-no-divider fusion-toggle-boxed-mode\" style=\"--awb-title-color:var(--awb-color8);--awb-content-color:var(--awb-color8);\"><div class=\"panel-heading\"><h4 class=\"panel-title toggle\" id=\"toggle_2d376de234d1cb4f9\"><a aria-expanded=\"false\" aria-controls=\"2d376de234d1cb4f9\" role=\"button\" data-toggle=\"collapse\" data-parent=\"#accordion-29811-1\" data-target=\"#2d376de234d1cb4f9\" href=\"#2d376de234d1cb4f9\"><span class=\"fusion-toggle-icon-wrapper\" aria-hidden=\"true\"><i class=\"fa-fusion-box active-icon awb-icon-minus\" aria-hidden=\"true\"><\/i><i class=\"fa-fusion-box inactive-icon awb-icon-plus\" aria-hidden=\"true\"><\/i><\/span><span class=\"fusion-toggle-heading\">Les gu\u00eapes sont-elles consid\u00e9r\u00e9es comme des nuisibles?<\/span><\/a><\/h4><\/div><div id=\"2d376de234d1cb4f9\" class=\"panel-collapse collapse \" aria-labelledby=\"toggle_2d376de234d1cb4f9\"><div class=\"panel-body toggle-content fusion-clearfix\">\n<p>S&rsquo;il y a des ruches, des nids de gu\u00eapes et de frelons dans la zone des locaux assur\u00e9s, le service (disponible 24 heures sur 24 et 365 jours par an) organise l&rsquo;enl\u00e8vement ou le d\u00e9placement par un technicien. Les frais d&rsquo;intervention du technicien sont assur\u00e9s jusqu&rsquo;\u00e0 concurrence de 1 000 CHF par \u00e9v\u00e9nement.<\/p>\n<\/div><\/div><\/div><div class=\"fusion-panel panel-default panel-67b96faf30b4a4f37 fusion-toggle-no-divider fusion-toggle-boxed-mode\" style=\"--awb-title-color:var(--awb-color8);--awb-content-color:var(--awb-color8);\"><div class=\"panel-heading\"><h4 class=\"panel-title toggle\" id=\"toggle_67b96faf30b4a4f37\"><a aria-expanded=\"false\" aria-controls=\"67b96faf30b4a4f37\" role=\"button\" data-toggle=\"collapse\" data-parent=\"#accordion-29811-1\" data-target=\"#67b96faf30b4a4f37\" href=\"#67b96faf30b4a4f37\"><span class=\"fusion-toggle-icon-wrapper\" aria-hidden=\"true\"><i class=\"fa-fusion-box active-icon awb-icon-minus\" aria-hidden=\"true\"><\/i><i class=\"fa-fusion-box inactive-icon awb-icon-plus\" aria-hidden=\"true\"><\/i><\/span><span class=\"fusion-toggle-heading\">Si mon garde-manger se remplit de petits insectes noirs, faut-il faire appel au service de lutte contre les nuisibles ?<\/span><\/a><\/h4><\/div><div id=\"67b96faf30b4a4f37\" class=\"panel-collapse collapse \" aria-labelledby=\"toggle_67b96faf30b4a4f37\"><div class=\"panel-body toggle-content fusion-clearfix\">\n<p>Nous prenons en charge les frais d&rsquo;identification de l&rsquo;insecte jusqu&rsquo;\u00e0 concurrence de 500 CHF (l&rsquo;identification du parasite ou de la vermine se fait au moyen d&rsquo;une clarification pr\u00e9alable par t\u00e9l\u00e9phone, d&rsquo;une analyse photographique ou d&rsquo;une visite sur place). Si le parasite est une esp\u00e8ce pr\u00e9sentant un risque pour la sant\u00e9, nous prenons en charge les frais de lutte contre les parasites jusqu&rsquo;\u00e0 concurrence de 5 000 CHF.<\/p>\n<\/div><\/div><\/div><div class=\"fusion-panel panel-default panel-767f9a93673a2f1ea fusion-toggle-no-divider fusion-toggle-boxed-mode\" style=\"--awb-title-color:var(--awb-color8);--awb-content-color:var(--awb-color8);\"><div class=\"panel-heading\"><h4 class=\"panel-title toggle\" id=\"toggle_767f9a93673a2f1ea\"><a aria-expanded=\"false\" aria-controls=\"767f9a93673a2f1ea\" role=\"button\" data-toggle=\"collapse\" data-parent=\"#accordion-29811-1\" data-target=\"#767f9a93673a2f1ea\" href=\"#767f9a93673a2f1ea\"><span class=\"fusion-toggle-icon-wrapper\" aria-hidden=\"true\"><i class=\"fa-fusion-box active-icon awb-icon-minus\" aria-hidden=\"true\"><\/i><i class=\"fa-fusion-box inactive-icon awb-icon-plus\" aria-hidden=\"true\"><\/i><\/span><span class=\"fusion-toggle-heading\">Ma cave est maintenant infest\u00e9e de rats que je ne peux plus \u00e9liminer par des m\u00e9thodes de bricolage. L'assurance peut-elle intervenir dans ce cas ?<\/span><\/a><\/h4><\/div><div id=\"767f9a93673a2f1ea\" class=\"panel-collapse collapse \" aria-labelledby=\"toggle_767f9a93673a2f1ea\"><div class=\"panel-body toggle-content fusion-clearfix\">\n<p>Oui, pour les exterminations de souris communes (musculus musculus), de limaces (rattus norvegicus), de rats noirs (rattus rattus), l&rsquo;assurance fait d&rsquo;abord appel au sp\u00e9cialiste pour identifier le parasite, prend en charge les frais jusqu&rsquo;\u00e0 500 CHF, puis le service de lutte contre le parasite jusqu&rsquo;\u00e0 un maximum de 5 000 CHF.<\/p>\n<\/div><\/div><\/div><div class=\"fusion-panel panel-default panel-de8873b2f7dc74d08 fusion-toggle-no-divider fusion-toggle-boxed-mode\" style=\"--awb-title-color:var(--awb-color8);--awb-content-color:var(--awb-color8);\"><div class=\"panel-heading\"><h4 class=\"panel-title toggle\" id=\"toggle_de8873b2f7dc74d08\"><a aria-expanded=\"false\" aria-controls=\"de8873b2f7dc74d08\" role=\"button\" data-toggle=\"collapse\" data-parent=\"#accordion-29811-1\" data-target=\"#de8873b2f7dc74d08\" href=\"#de8873b2f7dc74d08\"><span class=\"fusion-toggle-icon-wrapper\" aria-hidden=\"true\"><i class=\"fa-fusion-box active-icon awb-icon-minus\" aria-hidden=\"true\"><\/i><i class=\"fa-fusion-box inactive-icon awb-icon-plus\" aria-hidden=\"true\"><\/i><\/span><span class=\"fusion-toggle-heading\">Afin d'\u00e9viter que les pi\u00e8ces du premier \u00e9tage ne se remplissent de rats provenant de la ruine voisine, nous devons recouvrir les fissures dans les murs par des travaux de ma\u00e7onnerie. Ces travaux sont-ils couverts par l'assurance?<\/span><\/a><\/h4><\/div><div id=\"de8873b2f7dc74d08\" class=\"panel-collapse collapse \" aria-labelledby=\"toggle_de8873b2f7dc74d08\"><div class=\"panel-body toggle-content fusion-clearfix\">\n<p>Les co\u00fbts des mesures structurelles visant \u00e0 pr\u00e9venir les infestations futures de parasites et de vermines (par exemple, l&rsquo;installation de grilles) ne sont pas assur\u00e9s.<\/p>\n<\/div><\/div><\/div><\/div><\/div><\/div><\/div><div class=\"fusion-layout-column fusion_builder_column fusion-builder-column-2 fusion_builder_column_1_2 1_2 fusion-flex-column\" style=\"--awb-padding-top-small:0px;--awb-bg-size:cover;--awb-width-large:50%;--awb-margin-top-large:0px;--awb-spacing-right-large:40px;--awb-margin-bottom-large:70px;--awb-spacing-left-large:40px;--awb-width-medium:50%;--awb-order-medium:0;--awb-spacing-right-medium:40px;--awb-spacing-left-medium:40px;--awb-width-small:100%;--awb-order-small:3;--awb-spacing-right-small:40px;--awb-spacing-left-small:40px;\"><div class=\"fusion-column-wrapper fusion-column-has-shadow fusion-flex-justify-content-flex-start fusion-content-layout-column\"><div class=\"accordian fusion-accordian\" style=\"--awb-border-size:2px;--awb-icon-size:16px;--awb-content-font-size:var(--awb-typography4-font-size);--awb-icon-alignment:left;--awb-hover-color:var(--awb-color1);--awb-border-color:var(--awb-color5);--awb-background-color:var(--awb-color1);--awb-divider-color:var(--awb-color3);--awb-divider-hover-color:var(--awb-color3);--awb-icon-color:var(--awb-color5);--awb-title-color:var(--awb-color8);--awb-content-color:var(--awb-color8);--awb-icon-box-color:var(--awb-color7);--awb-toggle-hover-accent-color:var(--awb-color5);--awb-title-font-family:var(--awb-typography1-font-family);--awb-title-font-weight:var(--awb-typography1-font-weight);--awb-title-font-style:var(--awb-typography1-font-style);--awb-title-font-size:20px;--awb-content-font-family:var(--awb-typography4-font-family);--awb-content-font-weight:var(--awb-typography4-font-weight);--awb-content-font-style:var(--awb-typography4-font-style);\"><div class=\"panel-group fusion-toggle-icon-unboxed\" id=\"accordion-29811-2\"><div class=\"fusion-panel panel-default panel-562226e1fcd535baa fusion-toggle-no-divider fusion-toggle-boxed-mode\" style=\"--awb-title-color:var(--awb-color8);--awb-content-color:var(--awb-color8);\"><div class=\"panel-heading\"><h4 class=\"panel-title toggle\" id=\"toggle_562226e1fcd535baa\"><a aria-expanded=\"false\" aria-controls=\"562226e1fcd535baa\" role=\"button\" data-toggle=\"collapse\" data-parent=\"#accordion-29811-2\" data-target=\"#562226e1fcd535baa\" href=\"#562226e1fcd535baa\"><span class=\"fusion-toggle-icon-wrapper\" aria-hidden=\"true\"><i class=\"fa-fusion-box active-icon awb-icon-minus\" aria-hidden=\"true\"><\/i><i class=\"fa-fusion-box inactive-icon awb-icon-plus\" aria-hidden=\"true\"><\/i><\/span><span class=\"fusion-toggle-heading\">Puis-je souscrire une assurance et faire intervenir imm\u00e9diatement un service d'identification des nuisibles?<\/span><\/a><\/h4><\/div><div id=\"562226e1fcd535baa\" class=\"panel-collapse collapse \" aria-labelledby=\"toggle_562226e1fcd535baa\"><div class=\"panel-body toggle-content fusion-clearfix\">\n<p>Malheureusement, ce n&rsquo;est pas le cas. L&rsquo;assurance n&rsquo;intervient pas dans les cas connus ou existants. Calcul\u00e9e \u00e0 partir de la date d&rsquo;entr\u00e9e en vigueur, la couverture d&rsquo;assurance n&rsquo;est active qu&rsquo;apr\u00e8s l&rsquo;expiration d&rsquo;une p\u00e9riode d&rsquo;attente (d\u00e9lai de carence) de 60 jours.<\/p>\n<\/div><\/div><\/div><div class=\"fusion-panel panel-default panel-ab4fa2e5b79439332 fusion-toggle-no-divider fusion-toggle-boxed-mode\" style=\"--awb-title-color:var(--awb-color8);--awb-content-color:var(--awb-color8);\"><div class=\"panel-heading\"><h4 class=\"panel-title toggle\" id=\"toggle_ab4fa2e5b79439332\"><a aria-expanded=\"false\" aria-controls=\"ab4fa2e5b79439332\" role=\"button\" data-toggle=\"collapse\" data-parent=\"#accordion-29811-2\" data-target=\"#ab4fa2e5b79439332\" href=\"#ab4fa2e5b79439332\"><span class=\"fusion-toggle-icon-wrapper\" aria-hidden=\"true\"><i class=\"fa-fusion-box active-icon awb-icon-minus\" aria-hidden=\"true\"><\/i><i class=\"fa-fusion-box inactive-icon awb-icon-plus\" aria-hidden=\"true\"><\/i><\/span><span class=\"fusion-toggle-heading\">Ma couverture \u00e0 la maison couvre-t-elle \u00e9galement la lutte contre les parasites dans ma maison de vacances \u00e0 la montagne?<\/span><\/a><\/h4><\/div><div id=\"ab4fa2e5b79439332\" class=\"panel-collapse collapse \" aria-labelledby=\"toggle_ab4fa2e5b79439332\"><div class=\"panel-body toggle-content fusion-clearfix\">\n<p>La couverture d&rsquo;assurance s&rsquo;applique \u00e0 tous les locaux et installations de construction situ\u00e9s sur les lieux assur\u00e9s. La maison de vacances \u00e0 la montagne doit donc \u00eatre assur\u00e9e s\u00e9par\u00e9ment.<\/p>\n<\/div><\/div><\/div><div class=\"fusion-panel panel-default panel-2b57a95ea63883ac4 fusion-toggle-no-divider fusion-toggle-boxed-mode\" style=\"--awb-title-color:var(--awb-color8);--awb-content-color:var(--awb-color8);\"><div class=\"panel-heading\"><h4 class=\"panel-title toggle\" id=\"toggle_2b57a95ea63883ac4\"><a aria-expanded=\"false\" aria-controls=\"2b57a95ea63883ac4\" role=\"button\" data-toggle=\"collapse\" data-parent=\"#accordion-29811-2\" data-target=\"#2b57a95ea63883ac4\" href=\"#2b57a95ea63883ac4\"><span class=\"fusion-toggle-icon-wrapper\" aria-hidden=\"true\"><i class=\"fa-fusion-box active-icon awb-icon-minus\" aria-hidden=\"true\"><\/i><i class=\"fa-fusion-box inactive-icon awb-icon-plus\" aria-hidden=\"true\"><\/i><\/span><span class=\"fusion-toggle-heading\">Ma fille, qui \u00e9tudie dans une autre ville et vit dans un appartement avec deux autres \u00e9tudiants, est-elle couverte par ma police d'assurance?<\/span><\/a><\/h4><\/div><div id=\"2b57a95ea63883ac4\" class=\"panel-collapse collapse \" aria-labelledby=\"toggle_2b57a95ea63883ac4\"><div class=\"panel-body toggle-content fusion-clearfix\">\n<p>Le preneur d&rsquo;assurance et toutes les personnes qui vivent avec lui en m\u00e9nage commun ou qui retournent r\u00e9guli\u00e8rement \u00e0 son domicile pendant la semaine ou le week-end sont consid\u00e9r\u00e9s comme des personnes assur\u00e9es. L&rsquo;\u00e9tudiant et ses colocataires auront donc \u00e9galement besoin d&rsquo;une couverture sur le lieu assur\u00e9 o\u00f9 ils s\u00e9journent pendant leurs \u00e9tudes, afin d&rsquo;assurer les \u00e9v\u00e9nements qui s&rsquo;y produisent.<\/p>\n<\/div><\/div><\/div><\/div><\/div><\/div><\/div><\/div><\/div>\n","protected":false},"excerpt":{"rendered":"","protected":false},"author":1,"featured_media":0,"parent":0,"menu_order":0,"comment_status":"closed","ping_status":"closed","template":"100-width.php","meta":{"footnotes":""},"class_list":["post-29811","page","type-page","status-publish","hentry"],"yoast_head":"<!-- This site is optimized with the Yoast SEO plugin v27.3 - https:\/\/yoast.com\/product\/yoast-seo-wordpress\/ -->\n<title>FAQ - Questions fr\u00e9quemment pos\u00e9es sur les punaises de lit - Bed Bug Buster<\/title>\n<meta name=\"description\" content=\"Consultez la FAQ pour obtenir des r\u00e9ponses aux questions les plus courantes sur la pr\u00e9vention des punaises de lit, y compris des conseils pratiques et des informations sur les assurances.\" \/>\n<meta name=\"robots\" content=\"index, follow, max-snippet:-1, max-image-preview:large, max-video-preview:-1\" \/>\n<link rel=\"canonical\" href=\"https:\/\/www.bedbugbuster.ch\/fr\/faq\/\" \/>\n<meta property=\"og:locale\" content=\"fr_FR\" \/>\n<meta property=\"og:type\" content=\"article\" \/>\n<meta property=\"og:title\" content=\"FAQ - Questions fr\u00e9quemment pos\u00e9es sur les punaises de lit - Bed Bug Buster\" \/>\n<meta property=\"og:description\" content=\"Consultez la FAQ pour obtenir des r\u00e9ponses aux questions les plus courantes sur la pr\u00e9vention des punaises de lit, y compris des conseils pratiques et des informations sur les assurances.\" \/>\n<meta property=\"og:url\" content=\"https:\/\/www.bedbugbuster.ch\/fr\/faq\/\" \/>\n<meta property=\"og:site_name\" content=\"Bed Bug Buster\" \/>\n<meta property=\"article:modified_time\" content=\"2024-01-30T16:03:00+00:00\" \/>\n<meta name=\"twitter:card\" content=\"summary_large_image\" \/>\n<meta name=\"twitter:label1\" content=\"Dur\u00e9e de lecture estim\u00e9e\" \/>\n\t<meta name=\"twitter:data1\" content=\"3 minutes\" \/>\n<script type=\"application\/ld+json\" class=\"yoast-schema-graph\">{\"@context\":\"https:\\\/\\\/schema.org\",\"@graph\":[{\"@type\":\"WebPage\",\"@id\":\"https:\\\/\\\/www.bedbugbuster.ch\\\/fr\\\/faq\\\/\",\"url\":\"https:\\\/\\\/www.bedbugbuster.ch\\\/fr\\\/faq\\\/\",\"name\":\"FAQ - Questions fr\u00e9quemment pos\u00e9es sur les punaises de lit - Bed Bug Buster\",\"isPartOf\":{\"@id\":\"https:\\\/\\\/www.bedbugbuster.ch\\\/fr\\\/#website\"},\"datePublished\":\"2021-01-22T09:57:50+00:00\",\"dateModified\":\"2024-01-30T16:03:00+00:00\",\"description\":\"Consultez la FAQ pour obtenir des r\u00e9ponses aux questions les plus courantes sur la pr\u00e9vention des punaises de lit, y compris des conseils pratiques et des informations sur les assurances.\",\"breadcrumb\":{\"@id\":\"https:\\\/\\\/www.bedbugbuster.ch\\\/fr\\\/faq\\\/#breadcrumb\"},\"inLanguage\":\"fr-FR\",\"potentialAction\":[{\"@type\":\"ReadAction\",\"target\":[\"https:\\\/\\\/www.bedbugbuster.ch\\\/fr\\\/faq\\\/\"]}]},{\"@type\":\"BreadcrumbList\",\"@id\":\"https:\\\/\\\/www.bedbugbuster.ch\\\/fr\\\/faq\\\/#breadcrumb\",\"itemListElement\":[{\"@type\":\"ListItem\",\"position\":1,\"name\":\"Home\",\"item\":\"https:\\\/\\\/www.bedbugbuster.ch\\\/fr\\\/\"},{\"@type\":\"ListItem\",\"position\":2,\"name\":\"FAQ\"}]},{\"@type\":\"WebSite\",\"@id\":\"https:\\\/\\\/www.bedbugbuster.ch\\\/fr\\\/#website\",\"url\":\"https:\\\/\\\/www.bedbugbuster.ch\\\/fr\\\/\",\"name\":\"Bed Bug Buster\",\"description\":\"Copertura assicurativa contro le cimici del letto\",\"alternateName\":\"Polizza Zurich Home Assistance per le cimici del letto\",\"potentialAction\":[{\"@type\":\"SearchAction\",\"target\":{\"@type\":\"EntryPoint\",\"urlTemplate\":\"https:\\\/\\\/www.bedbugbuster.ch\\\/fr\\\/?s={search_term_string}\"},\"query-input\":{\"@type\":\"PropertyValueSpecification\",\"valueRequired\":true,\"valueName\":\"search_term_string\"}}],\"inLanguage\":\"fr-FR\"}]}<\/script>\n<!-- \/ Yoast SEO plugin. -->","yoast_head_json":{"title":"FAQ - Questions fr\u00e9quemment pos\u00e9es sur les punaises de lit - Bed Bug Buster","description":"Consultez la FAQ pour obtenir des r\u00e9ponses aux questions les plus courantes sur la pr\u00e9vention des punaises de lit, y compris des conseils pratiques et des informations sur les assurances.","robots":{"index":"index","follow":"follow","max-snippet":"max-snippet:-1","max-image-preview":"max-image-preview:large","max-video-preview":"max-video-preview:-1"},"canonical":"https:\/\/www.bedbugbuster.ch\/fr\/faq\/","og_locale":"fr_FR","og_type":"article","og_title":"FAQ - Questions fr\u00e9quemment pos\u00e9es sur les punaises de lit - Bed Bug Buster","og_description":"Consultez la FAQ pour obtenir des r\u00e9ponses aux questions les plus courantes sur la pr\u00e9vention des punaises de lit, y compris des conseils pratiques et des informations sur les assurances.","og_url":"https:\/\/www.bedbugbuster.ch\/fr\/faq\/","og_site_name":"Bed Bug Buster","article_modified_time":"2024-01-30T16:03:00+00:00","twitter_card":"summary_large_image","twitter_misc":{"Dur\u00e9e de lecture estim\u00e9e":"3 minutes"},"schema":{"@context":"https:\/\/schema.org","@graph":[{"@type":"WebPage","@id":"https:\/\/www.bedbugbuster.ch\/fr\/faq\/","url":"https:\/\/www.bedbugbuster.ch\/fr\/faq\/","name":"FAQ - Questions fr\u00e9quemment pos\u00e9es sur les punaises de lit - Bed Bug Buster","isPartOf":{"@id":"https:\/\/www.bedbugbuster.ch\/fr\/#website"},"datePublished":"2021-01-22T09:57:50+00:00","dateModified":"2024-01-30T16:03:00+00:00","description":"Consultez la FAQ pour obtenir des r\u00e9ponses aux questions les plus courantes sur la pr\u00e9vention des punaises de lit, y compris des conseils pratiques et des informations sur les assurances.","breadcrumb":{"@id":"https:\/\/www.bedbugbuster.ch\/fr\/faq\/#breadcrumb"},"inLanguage":"fr-FR","potentialAction":[{"@type":"ReadAction","target":["https:\/\/www.bedbugbuster.ch\/fr\/faq\/"]}]},{"@type":"BreadcrumbList","@id":"https:\/\/www.bedbugbuster.ch\/fr\/faq\/#breadcrumb","itemListElement":[{"@type":"ListItem","position":1,"name":"Home","item":"https:\/\/www.bedbugbuster.ch\/fr\/"},{"@type":"ListItem","position":2,"name":"FAQ"}]},{"@type":"WebSite","@id":"https:\/\/www.bedbugbuster.ch\/fr\/#website","url":"https:\/\/www.bedbugbuster.ch\/fr\/","name":"Bed Bug Buster","description":"Copertura assicurativa contro le cimici del letto","alternateName":"Polizza Zurich Home Assistance per le cimici del letto","potentialAction":[{"@type":"SearchAction","target":{"@type":"EntryPoint","urlTemplate":"https:\/\/www.bedbugbuster.ch\/fr\/?s={search_term_string}"},"query-input":{"@type":"PropertyValueSpecification","valueRequired":true,"valueName":"search_term_string"}}],"inLanguage":"fr-FR"}]}},"_links":{"self":[{"href":"https:\/\/www.bedbugbuster.ch\/fr\/wp-json\/wp\/v2\/pages\/29811","targetHints":{"allow":["GET"]}}],"collection":[{"href":"https:\/\/www.bedbugbuster.ch\/fr\/wp-json\/wp\/v2\/pages"}],"about":[{"href":"https:\/\/www.bedbugbuster.ch\/fr\/wp-json\/wp\/v2\/types\/page"}],"author":[{"embeddable":true,"href":"https:\/\/www.bedbugbuster.ch\/fr\/wp-json\/wp\/v2\/users\/1"}],"replies":[{"embeddable":true,"href":"https:\/\/www.bedbugbuster.ch\/fr\/wp-json\/wp\/v2\/comments?post=29811"}],"version-history":[{"count":1,"href":"https:\/\/www.bedbugbuster.ch\/fr\/wp-json\/wp\/v2\/pages\/29811\/revisions"}],"predecessor-version":[{"id":30120,"href":"https:\/\/www.bedbugbuster.ch\/fr\/wp-json\/wp\/v2\/pages\/29811\/revisions\/30120"}],"wp:attachment":[{"href":"https:\/\/www.bedbugbuster.ch\/fr\/wp-json\/wp\/v2\/media?parent=29811"}],"curies":[{"name":"wp","href":"https:\/\/api.w.org\/{rel}","templated":true}]}}